{"id":375,"date":"2015-06-06T17:49:34","date_gmt":"2015-06-06T17:49:34","guid":{"rendered":"http:\/\/www.pro-innovacion.com\/Es\/?page_id=375"},"modified":"2017-01-27T19:55:36","modified_gmt":"2017-01-27T19:55:36","slug":"nuestra-empresa","status":"publish","type":"page","link":"https:\/\/www.pro-innovacion.com\/Es\/nuestra-empresa\/","title":{"rendered":"Nuestra Empresa"},"content":{"rendered":"<p style=\"text-align: justify;\"><strong>Pro-Innovaci\u00f3n Soluciones S.C.<\/strong> nace a principios de los a\u00f1os 90s en Nueva York Estados Unidos de Am\u00e9rica bajo el nombre <strong><em>Saavedra &amp; Associates Consulting Group International<\/em><\/strong>,\u00a0 con el objetivo de apoyar a todo tipo de organizaciones para implementar innovaci\u00f3n, procesos adaptables al cambio, productividad, calidad total y competitividad.<\/p>\n<p style=\"text-align: justify;\">Hemos desarrollado tecnolog\u00edas propias que nos permite brindarle a su organizaci\u00f3n, el mejor apoyo para sus proyectos en las \u00e1reas de Desarrollo Organizacional y Capital Humano, Sistemas de Gesti\u00f3n, Capacitaci\u00f3n, Mejora Continua, Gestor\u00eda Internacional, Coaching, Innovaci\u00f3n y sobre todo, ventajas ante la competencia.<\/p>\n<p style=\"text-align: justify;\">Nuestros modelos de servicios est\u00e1n basados en Formaci\u00f3n en Competencias acorde a Est\u00e1ndares de Competencias EC0217 y EC0301 de SEP CONOCER, Sistemas de Gesti\u00f3n ISO 9001:2015, y las nuevas tendencias estrat\u00e9gicas como el Neuro-Marketing, Neuro-Ventas, y las Neuro-Ciencias adoptadas a los Negocios, Marketing Digital y al Liderazgo Moderno.<\/p>\n","protected":false},"excerpt":{"rendered":"<p>Pro-Innovaci\u00f3n Soluciones S.C. nace a principios de los a\u00f1os 90s en Nueva York Estados Unidos de Am\u00e9rica bajo el nombre Saavedra &amp; Associates Consulting Group International,\u00a0 con el objetivo de apoyar a todo tipo de organizaciones para implementar innovaci\u00f3n, procesos adaptables al cambio, productividad, calidad total y competitividad. Hemos desarrollado tecnolog\u00edas propias que nos permite [&hellip;]<\/p>\n","protected":false},"author":1,"featured_media":0,"parent":0,"menu_order":0,"comment_status":"closed","ping_status":"open","template":"","meta":{"_uag_custom_page_level_css":""},"uagb_featured_image_src":{"full":false,"thumbnail":false,"medium":false,"medium_large":false,"large":false,"1536x1536":false,"2048x2048":false,"post-thumbnail":false},"uagb_author_info":{"display_name":"ProinnovacionAdmin","author_link":"https:\/\/www.pro-innovacion.com\/Es\/author\/proinnovacionadmin\/"},"uagb_comment_info":0,"uagb_excerpt":"Pro-Innovaci\u00f3n Soluciones S.C. nace a principios de los a\u00f1os 90s en Nueva York Estados Unidos de Am\u00e9rica bajo el nombre Saavedra &amp; Associates Consulting Group International,\u00a0 con el objetivo de apoyar a todo tipo de organizaciones para implementar innovaci\u00f3n, procesos adaptables al cambio, productividad, calidad total y competitividad. Hemos desarrollado tecnolog\u00edas propias que nos permite&hellip;","_links":{"self":[{"href":"https:\/\/www.pro-innovacion.com\/Es\/wp-json\/wp\/v2\/pages\/375"}],"collection":[{"href":"https:\/\/www.pro-innovacion.com\/Es\/wp-json\/wp\/v2\/pages"}],"about":[{"href":"https:\/\/www.pro-innovacion.com\/Es\/wp-json\/wp\/v2\/types\/page"}],"author":[{"embeddable":true,"href":"https:\/\/www.pro-innovacion.com\/Es\/wp-json\/wp\/v2\/users\/1"}],"replies":[{"embeddable":true,"href":"https:\/\/www.pro-innovacion.com\/Es\/wp-json\/wp\/v2\/comments?post=375"}],"version-history":[{"count":7,"href":"https:\/\/www.pro-innovacion.com\/Es\/wp-json\/wp\/v2\/pages\/375\/revisions"}],"predecessor-version":[{"id":651,"href":"https:\/\/www.pro-innovacion.com\/Es\/wp-json\/wp\/v2\/pages\/375\/revisions\/651"}],"wp:attachment":[{"href":"https:\/\/www.pro-innovacion.com\/Es\/wp-json\/wp\/v2\/media?parent=375"}],"curies":[{"name":"wp","href":"https:\/\/api.w.org\/{rel}","templated":true}]}}