{"id":377,"date":"2015-06-06T17:49:56","date_gmt":"2015-06-06T17:49:56","guid":{"rendered":"http:\/\/www.pro-innovacion.com\/Es\/?page_id=377"},"modified":"2016-01-11T16:57:25","modified_gmt":"2016-01-11T16:57:25","slug":"dr-ricardo-saavedra","status":"publish","type":"page","link":"https:\/\/www.pro-innovacion.com\/Es\/dr-ricardo-saavedra\/","title":{"rendered":"Dr. Ricardo Saavedra"},"content":{"rendered":"<h1>Dr. Ricardo Roberto Saavedra Hidalgo, CNC, B.Sc. M.Sc. PhD<\/h1>\n<h2 style=\"text-align: left;\"><strong><em>Conferencista Internacional, Capacitador, Master Coach Trainer, y Consultor<a href=\"http:\/\/www.pro-innovacion.com\/Es\/wp-content\/uploads\/2015\/06\/IMG_1162.jpg\" rel=\"attachment wp-att-469\"><img decoding=\"async\" loading=\"lazy\" class=\" wp-image-469 alignleft\" src=\"http:\/\/www.pro-innovacion.com\/Es\/wp-content\/uploads\/2015\/06\/IMG_1162-300x231.jpg\" alt=\"IMG_1162\" width=\"249\" height=\"192\" srcset=\"https:\/\/www.pro-innovacion.com\/Es\/wp-content\/uploads\/2015\/06\/IMG_1162-300x231.jpg 300w, https:\/\/www.pro-innovacion.com\/Es\/wp-content\/uploads\/2015\/06\/IMG_1162-768x591.jpg 768w, https:\/\/www.pro-innovacion.com\/Es\/wp-content\/uploads\/2015\/06\/IMG_1162-760x585.jpg 760w, https:\/\/www.pro-innovacion.com\/Es\/wp-content\/uploads\/2015\/06\/IMG_1162.jpg 800w\" sizes=\"(max-width: 249px) 100vw, 249px\" \/><\/a><\/em><\/strong><\/h2>\n<p style=\"text-align: justify;\">Se da a la tarea de fomentar la <strong>\u201cVitalidad y Alto Rendimiento\u201d<\/strong> Humano y Organizacional. Despu\u00e9s de m\u00e1s de dos d\u00e9cadas de experiencia trabajando con empresas y organizaciones nacionales e internacionales, el Dr. Ricardo Saavedra propone herramientas fundamentales para promover el auto liderazgo de los seres humanos. Desarrollar las capacidades de enriquecimiento personal para elevar la calidad vida y desarrollo organizacional.<\/p>\n<p style=\"text-align: justify;\">Es <em>Director de Enlace Internacional y Programas Internacionales<\/em> de la <strong>Universidad Azteca.<\/strong><\/p>\n<p style=\"text-align: justify;\"><em>Director<\/em> del <strong>International Council of Coaching Accreditation ICCA<\/strong><\/p>\n<p style=\"text-align: justify;\">Es <em>Master Coach Trainer y Presidente para M\u00e9xico<\/em> de la <strong>International Association of Coaching Institutes, ICI<\/strong><strong>\u00a0<\/strong><\/p>\n<p style=\"text-align: justify;\">El Dr. Saavedra es <strong>Auditor L\u00edder de Sistemas de Gesti\u00f3n de Calidad &#8211; ISO 9001:2015<\/strong> en Alemania.<\/p>\n<p style=\"text-align: justify;\">Es tambi\u00e9n <strong>Certified RABQSA &#8211; QS- Quality Management System,<\/strong> y <strong>Certififed RABQSA &#8211; AU &#8211; Management Systems Auditing<\/strong> reconocido por <strong>RABQSA<\/strong> por parte de la <strong>British Standards Institution, BSI<\/strong> de Gran Breta\u00f1a.<\/p>\n<p style=\"text-align: justify;\">Es representante para M\u00e9xico de la <strong><em>Accreditation Services for International Colleges, Schools &amp; Universitites ASIC<\/em><\/strong> de Gran Breta\u00f1a.<a href=\"http:\/\/www.pro-innovacion.com\/Es\/wp-content\/uploads\/2015\/06\/Rico-Saavedra.jpg\" rel=\"attachment wp-att-465\"><img decoding=\"async\" loading=\"lazy\" class=\" wp-image-465 alignright\" src=\"http:\/\/www.pro-innovacion.com\/Es\/wp-content\/uploads\/2015\/06\/Rico-Saavedra-212x300.jpg\" alt=\"Rico Saavedra\" width=\"171\" height=\"242\" srcset=\"https:\/\/www.pro-innovacion.com\/Es\/wp-content\/uploads\/2015\/06\/Rico-Saavedra-212x300.jpg 212w, https:\/\/www.pro-innovacion.com\/Es\/wp-content\/uploads\/2015\/06\/Rico-Saavedra.jpg 289w\" sizes=\"(max-width: 171px) 100vw, 171px\" \/><\/a><\/p>\n<p style=\"text-align: justify;\">Ha colaborado con la <strong>UNESCO<\/strong> en proyectos de educaci\u00f3n superior y actualmente es asesor para acreditaci\u00f3n de ONG\u00b4s ante <strong>ECOSOC la Organizaci\u00f3n de las Naciones U nidas, ONU.<\/strong><\/p>\n<p style=\"text-align: justify;\">Es Co-Fundador de la <strong><em>Confederaci\u00f3n Internacional de Educaci\u00f3n Superior, (CONIES) <\/em><\/strong>de Am\u00e9rica Latina.<\/p>\n<p style=\"text-align: justify;\">El Dr. Ricardo Saavedra cuenta con <strong>PhD in Psychology (USA),<\/strong> <strong>Master of Sciences M.Sc., (Austria UE)<\/strong> y <strong>Bachelor of Health Sciences, B.Sc. (USA).<\/strong><\/p>\n<p style=\"text-align: justify;\">El Dr. Saavedra constantemente interacciona con agencias internacionales de acreditaci\u00f3n, gobiernos y empresas transnacionales.<\/p>\n<div style=\"margin: 0 auto; max-width: 630px;\">\n<p style=\"text-align: justify;\"><a href=\"http:\/\/www.pro-innovacion.com\/Es\/wp-content\/uploads\/2015\/06\/noticias1.jpg\" rel=\"attachment wp-att-467\"><img decoding=\"async\" loading=\"lazy\" class=\"wp-image-467 alignleft\" src=\"http:\/\/www.pro-innovacion.com\/Es\/wp-content\/uploads\/2015\/06\/noticias1-300x202.jpg\" alt=\"noticias1\" width=\"255\" height=\"172\" srcset=\"https:\/\/www.pro-innovacion.com\/Es\/wp-content\/uploads\/2015\/06\/noticias1-300x202.jpg 300w, https:\/\/www.pro-innovacion.com\/Es\/wp-content\/uploads\/2015\/06\/noticias1-768x517.jpg 768w, https:\/\/www.pro-innovacion.com\/Es\/wp-content\/uploads\/2015\/06\/noticias1-1024x690.jpg 1024w, https:\/\/www.pro-innovacion.com\/Es\/wp-content\/uploads\/2015\/06\/noticias1-760x512.jpg 760w, https:\/\/www.pro-innovacion.com\/Es\/wp-content\/uploads\/2015\/06\/noticias1.jpg 1121w\" sizes=\"(max-width: 255px) 100vw, 255px\" \/><\/a><a href=\"http:\/\/www.pro-innovacion.com\/Es\/wp-content\/uploads\/2015\/06\/entrevista1.jpg\" rel=\"attachment wp-att-466\"><img decoding=\"async\" loading=\"lazy\" class=\" wp-image-466 alignleft\" src=\"http:\/\/www.pro-innovacion.com\/Es\/wp-content\/uploads\/2015\/06\/entrevista1-300x168.jpg\" alt=\"entrevista1\" width=\"307\" height=\"172\" srcset=\"https:\/\/www.pro-innovacion.com\/Es\/wp-content\/uploads\/2015\/06\/entrevista1-300x168.jpg 300w, https:\/\/www.pro-innovacion.com\/Es\/wp-content\/uploads\/2015\/06\/entrevista1-768x430.jpg 768w, https:\/\/www.pro-innovacion.com\/Es\/wp-content\/uploads\/2015\/06\/entrevista1-1024x573.jpg 1024w, https:\/\/www.pro-innovacion.com\/Es\/wp-content\/uploads\/2015\/06\/entrevista1-760x425.jpg 760w, https:\/\/www.pro-innovacion.com\/Es\/wp-content\/uploads\/2015\/06\/entrevista1.jpg 1367w\" sizes=\"(max-width: 307px) 100vw, 307px\" \/><\/a><\/p>\n<\/div>\n<style>\n.entry-title {display:none;}\n<\/style>\n","protected":false},"excerpt":{"rendered":"<p>Dr. Ricardo Roberto Saavedra Hidalgo, CNC, B.Sc. M.Sc. PhD Conferencista Internacional, Capacitador, Master Coach Trainer, y Consultor Se da a la tarea de fomentar la \u201cVitalidad y Alto Rendimiento\u201d Humano y Organizacional. Despu\u00e9s de m\u00e1s de dos d\u00e9cadas de experiencia trabajando con empresas y organizaciones nacionales e internacionales, el Dr. Ricardo Saavedra propone herramientas fundamentales [&hellip;]<\/p>\n","protected":false},"author":1,"featured_media":0,"parent":0,"menu_order":0,"comment_status":"closed","ping_status":"open","template":"","meta":{"_uag_custom_page_level_css":""},"uagb_featured_image_src":{"full":false,"thumbnail":false,"medium":false,"medium_large":false,"large":false,"1536x1536":false,"2048x2048":false,"post-thumbnail":false},"uagb_author_info":{"display_name":"ProinnovacionAdmin","author_link":"https:\/\/www.pro-innovacion.com\/Es\/author\/proinnovacionadmin\/"},"uagb_comment_info":0,"uagb_excerpt":"Dr. Ricardo Roberto Saavedra Hidalgo, CNC, B.Sc. M.Sc. PhD Conferencista Internacional, Capacitador, Master Coach Trainer, y Consultor Se da a la tarea de fomentar la \u201cVitalidad y Alto Rendimiento\u201d Humano y Organizacional. Despu\u00e9s de m\u00e1s de dos d\u00e9cadas de experiencia trabajando con empresas y organizaciones nacionales e internacionales, el Dr. Ricardo Saavedra propone herramientas fundamentales&hellip;","_links":{"self":[{"href":"https:\/\/www.pro-innovacion.com\/Es\/wp-json\/wp\/v2\/pages\/377"}],"collection":[{"href":"https:\/\/www.pro-innovacion.com\/Es\/wp-json\/wp\/v2\/pages"}],"about":[{"href":"https:\/\/www.pro-innovacion.com\/Es\/wp-json\/wp\/v2\/types\/page"}],"author":[{"embeddable":true,"href":"https:\/\/www.pro-innovacion.com\/Es\/wp-json\/wp\/v2\/users\/1"}],"replies":[{"embeddable":true,"href":"https:\/\/www.pro-innovacion.com\/Es\/wp-json\/wp\/v2\/comments?post=377"}],"version-history":[{"count":15,"href":"https:\/\/www.pro-innovacion.com\/Es\/wp-json\/wp\/v2\/pages\/377\/revisions"}],"predecessor-version":[{"id":480,"href":"https:\/\/www.pro-innovacion.com\/Es\/wp-json\/wp\/v2\/pages\/377\/revisions\/480"}],"wp:attachment":[{"href":"https:\/\/www.pro-innovacion.com\/Es\/wp-json\/wp\/v2\/media?parent=377"}],"curies":[{"name":"wp","href":"https:\/\/api.w.org\/{rel}","templated":true}]}}