{"id":379,"date":"2015-06-06T17:50:12","date_gmt":"2015-06-06T17:50:12","guid":{"rendered":"http:\/\/www.pro-innovacion.com\/Es\/?page_id=379"},"modified":"2016-01-07T22:05:45","modified_gmt":"2016-01-07T22:05:45","slug":"mision-y-vision","status":"publish","type":"page","link":"https:\/\/www.pro-innovacion.com\/Es\/mision-y-vision\/","title":{"rendered":"Misi\u00f3n y Visi\u00f3n"},"content":{"rendered":"<h1>Nuestra Misi\u00f3n<\/h1>\n<p>Mejorar el desempe\u00f1o de nuestros clientes con Consultor\u00eda, Coaching y Capacitaci\u00f3n efectiva e innovadora, a trav\u00e9s de las \u00faltimas tendencias cient\u00edficas y la neuro-ciencia, as\u00ed como la formaci\u00f3n integral de l\u00edderes de excelencia y el desarrollo de Culturas Corporativas de Clase Mundial que promuevan la plenitud humana, la prosperidad, el desarrollo en beneficio de la sociedad.<\/p>\n<h1>Nuestra Visi\u00f3n<\/h1>\n<p>Ser una organizaci\u00f3n que apoya a las empresas y a los l\u00edderes con ventajas ante sus competidores, creando una elite de empresas y organizaciones exitosas y de alto rendimiento. Ser la organizaci\u00f3n en la formaci\u00f3n de L\u00edderes y Culturas Corporativas de Clase Mundial e Innovadora m\u00e1s destacada a nivel internacional, implementando las \u00faltimas investigaciones en Neuro-Ciencia aplicada a los negocios y gestiones de liderazgo moderno.<\/p>\n","protected":false},"excerpt":{"rendered":"<p>Nuestra Misi\u00f3n Mejorar el desempe\u00f1o de nuestros clientes con Consultor\u00eda, Coaching y Capacitaci\u00f3n efectiva e innovadora, a trav\u00e9s de las \u00faltimas tendencias cient\u00edficas y la neuro-ciencia, as\u00ed como la formaci\u00f3n integral de l\u00edderes de excelencia y el desarrollo de Culturas Corporativas de Clase Mundial que promuevan la plenitud humana, la prosperidad, el desarrollo en beneficio [&hellip;]<\/p>\n","protected":false},"author":1,"featured_media":0,"parent":0,"menu_order":0,"comment_status":"closed","ping_status":"open","template":"","meta":{"_uag_custom_page_level_css":""},"uagb_featured_image_src":{"full":false,"thumbnail":false,"medium":false,"medium_large":false,"large":false,"1536x1536":false,"2048x2048":false,"post-thumbnail":false},"uagb_author_info":{"display_name":"ProinnovacionAdmin","author_link":"https:\/\/www.pro-innovacion.com\/Es\/author\/proinnovacionadmin\/"},"uagb_comment_info":0,"uagb_excerpt":"Nuestra Misi\u00f3n Mejorar el desempe\u00f1o de nuestros clientes con Consultor\u00eda, Coaching y Capacitaci\u00f3n efectiva e innovadora, a trav\u00e9s de las \u00faltimas tendencias cient\u00edficas y la neuro-ciencia, as\u00ed como la formaci\u00f3n integral de l\u00edderes de excelencia y el desarrollo de Culturas Corporativas de Clase Mundial que promuevan la plenitud humana, la prosperidad, el desarrollo en beneficio&hellip;","_links":{"self":[{"href":"https:\/\/www.pro-innovacion.com\/Es\/wp-json\/wp\/v2\/pages\/379"}],"collection":[{"href":"https:\/\/www.pro-innovacion.com\/Es\/wp-json\/wp\/v2\/pages"}],"about":[{"href":"https:\/\/www.pro-innovacion.com\/Es\/wp-json\/wp\/v2\/types\/page"}],"author":[{"embeddable":true,"href":"https:\/\/www.pro-innovacion.com\/Es\/wp-json\/wp\/v2\/users\/1"}],"replies":[{"embeddable":true,"href":"https:\/\/www.pro-innovacion.com\/Es\/wp-json\/wp\/v2\/comments?post=379"}],"version-history":[{"count":5,"href":"https:\/\/www.pro-innovacion.com\/Es\/wp-json\/wp\/v2\/pages\/379\/revisions"}],"predecessor-version":[{"id":459,"href":"https:\/\/www.pro-innovacion.com\/Es\/wp-json\/wp\/v2\/pages\/379\/revisions\/459"}],"wp:attachment":[{"href":"https:\/\/www.pro-innovacion.com\/Es\/wp-json\/wp\/v2\/media?parent=379"}],"curies":[{"name":"wp","href":"https:\/\/api.w.org\/{rel}","templated":true}]}}