{"id":434,"date":"2016-01-07T18:13:44","date_gmt":"2016-01-07T18:13:44","guid":{"rendered":"http:\/\/www.pro-innovacion.com\/Es\/?page_id=434"},"modified":"2016-03-03T20:34:33","modified_gmt":"2016-03-03T20:34:33","slug":"consultoria-beneficios","status":"publish","type":"page","link":"https:\/\/www.pro-innovacion.com\/Es\/consultoria-beneficios\/","title":{"rendered":"Beneficios"},"content":{"rendered":"<h3>BENEFICIOS DE NUESTROS SERVICIOS DE CONSULTOR\u00cdA EMPRESARIAL<\/h3>\n<ul>\n<li style=\"text-align: justify;\">Mejorar la calidad de vida de los directores, gerentes, y los empleados.<\/li>\n<li style=\"text-align: justify;\">Aprovechar la capacidad de resolver problemas de correcci\u00f3n, de perfeccionamiento y de creaci\u00f3n.<\/li>\n<li style=\"text-align: justify;\">Incremento de utilidades.<\/li>\n<li style=\"text-align: justify;\">Definir las debilidades y fortalezas de la empresa, las fuerzas de resistencia y cambio dentro y fuera, la forma en que opera como sistema y los criterios adecuados para lograr su salud corporativa y financiera.<\/li>\n<li style=\"text-align: justify;\">Obtener un punto de vista imparcial y novedoso en la soluci\u00f3n de problemas.<\/li>\n<li style=\"text-align: justify;\">Facilitar el acceso y adaptaci\u00f3n a nuevas tecnolog\u00edas, innovaci\u00f3n, mercados, mega tendencias y retos.<\/li>\n<li style=\"text-align: justify;\">Utilizar criterios de medici\u00f3n e instrumentos para determinar estilos gerenciales, formas t\u00edpicas de operaci\u00f3n en equipo, la filosof\u00eda y la misi\u00f3n corporativa, el grado en el cual se entrelazan las \u00e1reas y diagnosticar sistemas y procesos.<\/li>\n<li style=\"text-align: justify;\">Establecer un programa de implantaci\u00f3n de soluciones y de procesos de mejora continua y en algunos casos, poner en pr\u00e1ctica las soluciones sugeridas a Modelos de Negocio innovadores.<\/li>\n<li style=\"text-align: justify;\">Bajar costos y aumentar la rentabilidad de la inversi\u00f3n.<\/li>\n<li style=\"text-align: justify;\">Detectar y proyectar oportunidades de mejora.<\/li>\n<li style=\"text-align: justify;\">Diagnosticar y encontrar soluciones a retos actuales.<\/li>\n<li style=\"text-align: justify;\">Generar ahorros significativos e incrementar utilidades.<\/li>\n<li style=\"text-align: justify;\">Estudiar en conjunto viabilidades t\u00e9cnicas para innovar.<\/li>\n<\/ul>\n<h3 style=\"text-align: justify;\">Para el Gerente, Director o Due\u00f1o:<\/h3>\n<ul>\n<li style=\"text-align: justify;\">Sentirte en plenitud, teniendo tiempo para lo que de verdad es importante.<\/li>\n<li style=\"text-align: justify;\">Tener abundancia financiera.<\/li>\n<li style=\"text-align: justify;\">Disfrutar una salud radiante.<\/li>\n<li style=\"text-align: justify;\">Tener un alto rendimiento en tus actividades.<\/li>\n<li style=\"text-align: justify;\">Recuperar tu felicidad.<\/li>\n<li style=\"text-align: justify;\">Tener un alto nivel de energ\u00eda.<\/li>\n<li style=\"text-align: justify;\">Disfrutar de vitalidad.<\/li>\n<li style=\"text-align: justify;\">Encontrarte contigo mismo.<\/li>\n<li style=\"text-align: justify;\">Encontrar el rumbo de tu vida.<\/li>\n<li style=\"text-align: justify;\">Vivir con pasi\u00f3n d\u00eda con d\u00eda.<\/li>\n<\/ul>\n","protected":false},"excerpt":{"rendered":"<p>BENEFICIOS DE NUESTROS SERVICIOS DE CONSULTOR\u00cdA EMPRESARIAL Mejorar la calidad de vida de los directores, gerentes, y los empleados. Aprovechar la capacidad de resolver problemas de correcci\u00f3n, de perfeccionamiento y de creaci\u00f3n. Incremento de utilidades. Definir las debilidades y fortalezas de la empresa, las fuerzas de resistencia y cambio dentro y fuera, la forma en [&hellip;]<\/p>\n","protected":false},"author":1,"featured_media":0,"parent":0,"menu_order":0,"comment_status":"closed","ping_status":"closed","template":"","meta":{"_uag_custom_page_level_css":""},"uagb_featured_image_src":{"full":false,"thumbnail":false,"medium":false,"medium_large":false,"large":false,"1536x1536":false,"2048x2048":false,"post-thumbnail":false},"uagb_author_info":{"display_name":"ProinnovacionAdmin","author_link":"https:\/\/www.pro-innovacion.com\/Es\/author\/proinnovacionadmin\/"},"uagb_comment_info":0,"uagb_excerpt":"BENEFICIOS DE NUESTROS SERVICIOS DE CONSULTOR\u00cdA EMPRESARIAL Mejorar la calidad de vida de los directores, gerentes, y los empleados. Aprovechar la capacidad de resolver problemas de correcci\u00f3n, de perfeccionamiento y de creaci\u00f3n. Incremento de utilidades. Definir las debilidades y fortalezas de la empresa, las fuerzas de resistencia y cambio dentro y fuera, la forma en&hellip;","_links":{"self":[{"href":"https:\/\/www.pro-innovacion.com\/Es\/wp-json\/wp\/v2\/pages\/434"}],"collection":[{"href":"https:\/\/www.pro-innovacion.com\/Es\/wp-json\/wp\/v2\/pages"}],"about":[{"href":"https:\/\/www.pro-innovacion.com\/Es\/wp-json\/wp\/v2\/types\/page"}],"author":[{"embeddable":true,"href":"https:\/\/www.pro-innovacion.com\/Es\/wp-json\/wp\/v2\/users\/1"}],"replies":[{"embeddable":true,"href":"https:\/\/www.pro-innovacion.com\/Es\/wp-json\/wp\/v2\/comments?post=434"}],"version-history":[{"count":5,"href":"https:\/\/www.pro-innovacion.com\/Es\/wp-json\/wp\/v2\/pages\/434\/revisions"}],"predecessor-version":[{"id":486,"href":"https:\/\/www.pro-innovacion.com\/Es\/wp-json\/wp\/v2\/pages\/434\/revisions\/486"}],"wp:attachment":[{"href":"https:\/\/www.pro-innovacion.com\/Es\/wp-json\/wp\/v2\/media?parent=434"}],"curies":[{"name":"wp","href":"https:\/\/api.w.org\/{rel}","templated":true}]}}