{"id":535,"date":"2017-01-07T18:52:55","date_gmt":"2017-01-07T18:52:55","guid":{"rendered":"http:\/\/www.pro-innovacion.com\/Es\/?page_id=535"},"modified":"2017-01-27T19:53:15","modified_gmt":"2017-01-27T19:53:15","slug":"neuroventas","status":"publish","type":"page","link":"https:\/\/www.pro-innovacion.com\/Es\/neuroventas\/","title":{"rendered":"Neuroventas"},"content":{"rendered":"<h1>\u00bfPOR QU\u00c9 ES IMPORTANTE EL NEURO-MARKETING?<\/h1>\n<p>De cada 10 comerciales en TV que se producen, <strong>solo 4<\/strong> cumplen las expectativas.<\/p>\n<p>De cada 10 lanzamientos de nuevos productos, <strong>solo 2<\/strong> llegan a la meta planeada.<\/p>\n<p>De cada 10 promociones, <strong>solo 5<\/strong> lo gran cumplir el objetivo<\/p>\n<p>Fuente: Mindcode Group, MIFS (Marketing Industry Failure Survey)<!-- [if gte vml 1]><v:shapetype id=\"_x0000_t75\" coordsize=\"21600,21600\" o:spt=\"75\" o:preferrelative=\"t\" path=\"m@4@5l@4@11@9@11@9@5xe\" filled=\"f\" stroked=\"f\">\n<v:stroke joinstyle=\"miter\"\/>\n<v:formulas>\n<v:f eqn=\"if lineDrawn pixelLineWidth 0\"\/>\n<v:f eqn=\"sum @0 1 0\"\/>\n<v:f eqn=\"sum 0 0 @1\"\/>\n<v:f eqn=\"prod @2 1 2\"\/>\n<v:f eqn=\"prod @3 21600 pixelWidth\"\/>\n<v:f eqn=\"prod @3 21600 pixelHeight\"\/>\n<v:f eqn=\"sum @0 0 1\"\/>\n<v:f eqn=\"prod @6 1 2\"\/>\n<v:f eqn=\"prod @7 21600 pixelWidth\"\/>\n<v:f eqn=\"sum @8 21600 0\"\/>\n<v:f eqn=\"prod @7 21600 pixelHeight\"\/>\n<v:f eqn=\"sum @10 21600 0\"\/>\n<\/v:formulas>\n<v:path o:extrusionok=\"f\" gradientshapeok=\"t\" o:connecttype=\"rect\"\/>\n<o:lock v:ext=\"edit\" aspectratio=\"t\"\/>\n<\/v:shapetype><v:shape id=\"Picture_x0020_1\" o:spid=\"_x0000_s1026\" type=\"#_x0000_t75\" alt=\"Descripci\u00f3n: Rico Saavedra\" style='position:absolute;margin-left:-31.6pt; margin-top:-11.25pt;width:126.3pt;height:179.05pt;z-index:251658240; visibility:visible'>\n<v:imagedata src=\"file:\/\/\/C:\/Users\/TI-AUD~1\/AppData\/Local\/Temp\/msohtmlclip1\/01\/clip_image001.jpg\" o:title=\"Rico Saavedra\"\/>\n<w:wrap type=\"square\"\/>\n<\/v:shape><![endif]--><!-- [if !vml]--><!--[endif]--><!-- [if gte vml 1]><v:shapetype id=\"_x0000_t75\" coordsize=\"21600,21600\" o:spt=\"75\" o:preferrelative=\"t\" path=\"m@4@5l@4@11@9@11@9@5xe\" filled=\"f\" stroked=\"f\">\n<v:stroke joinstyle=\"miter\"\/>\n<v:formulas>\n<v:f eqn=\"if lineDrawn pixelLineWidth 0\"\/>\n<v:f eqn=\"sum @0 1 0\"\/>\n<v:f eqn=\"sum 0 0 @1\"\/>\n<v:f eqn=\"prod @2 1 2\"\/>\n<v:f eqn=\"prod @3 21600 pixelWidth\"\/>\n<v:f eqn=\"prod @3 21600 pixelHeight\"\/>\n<v:f eqn=\"sum @0 0 1\"\/>\n<v:f eqn=\"prod @6 1 2\"\/>\n<v:f eqn=\"prod @7 21600 pixelWidth\"\/>\n<v:f eqn=\"sum @8 21600 0\"\/>\n<v:f eqn=\"prod @7 21600 pixelHeight\"\/>\n<v:f eqn=\"sum @10 21600 0\"\/>\n<\/v:formulas>\n<v:path o:extrusionok=\"f\" gradientshapeok=\"t\" o:connecttype=\"rect\"\/>\n<o:lock v:ext=\"edit\" aspectratio=\"t\"\/>\n<\/v:shapetype><v:shape id=\"Picture_x0020_1\" o:spid=\"_x0000_s1026\" type=\"#_x0000_t75\" alt=\"Descripci\u00f3n: Rico Saavedra\" style='position:absolute;margin-left:-31.6pt; margin-top:-11.25pt;width:126.3pt;height:179.05pt;z-index:251658240; visibility:visible'>\n<v:imagedata src=\"file:\/\/\/C:\/Users\/TI-AUD~1\/AppData\/Local\/Temp\/msohtmlclip1\/01\/clip_image001.jpg\" o:title=\"Rico Saavedra\"\/>\n<w:wrap type=\"square\"\/>\n<\/v:shape><![endif]--><!-- [if !vml]--><!--[endif]--><\/p>\n<p>El Neuromarketing permite <strong>&#8220;comprender la conducta&#8221;<\/strong>\u00a0del consumidor\/cliente potencial, para ofrecerle\u00a0<strong>&#8220;lo que realmente quiere, como realmente le gusta, y conseguir, en definitiva, que escoja nuestra marca&#8221;.<\/strong><\/p>\n<p>Las t\u00e9cnicas utilizadas se enmarcan en el campo de la neurociencia y van desde el registro de la actividad cerebral hasta el seguimiento ocular. Tambi\u00e9n permiten analizar el ritmo card\u00edaco u observar c\u00f3mo reaccionan los m\u00fasculos ante un anuncio.<\/p>\n<p>Este Taller te introduce a un servicio &#8220;muy elevado&#8221; y &#8220;pocas&#8221; empresas pueden permitirse contratarlo para dise\u00f1ar sus campa\u00f1as.<\/p>\n<p>&#8220;Esta novedosa ciencia te ofrece informaci\u00f3n, y da respuesta a qu\u00e9 \u00e1reas del cerebro se activan y c\u00f3mo puedes interpretarlas.<\/p>\n<p>El marketing tradicional y el neuromarketing son &#8220;disciplinas complementarias&#8221;, ya que su uni\u00f3n da como resultado productos, servicios o campa\u00f1as publicitarias m\u00e1s eficaces.<\/p>\n<p>Hoy en d\u00eda &#8220;son pocas&#8221; las empresas que cuentan en su plantilla con personal que est\u00e9 capacitado en Neuromarketing<\/p>\n<h1><strong>Objetivo General<\/strong><\/h1>\n<p>Al final el Curso Taller el participante CONOCER\u00c0\u00a0 nuevos paradigmas, APLICAR\u00c1 casos reales de aplicaci\u00f3n del Neuromarketing DESARROLLANDO un informe general. Proporcionar a los participantes conocimientos avanzados en el \u00e1rea de las neurociencias cognitivas, y su aplicaci\u00f3n en el Marketing.<\/p>\n<h1><strong>Objetivos Espec\u00edficos<\/strong><\/h1>\n<ul>\n<li>Al finalizar el Curso Taller el participante conocer\u00e1 la nueva tendencia del Neuro-Marketing.<\/li>\n<\/ul>\n<ul>\n<li>Comprender\u00e1 su importancia de los tres cerebros.<\/li>\n<\/ul>\n<ul>\n<li>Conocer\u00e1 los procesos de innovaci\u00f3n acorde al neuromarketing.<\/li>\n<\/ul>\n<ul>\n<li>Se llevar\u00e1 el concepto de innovaci\u00f3n a otro nivel, buscaremos revolucionar la definici\u00f3n de investigaci\u00f3n.<\/li>\n<\/ul>\n<ul>\n<li>Conocer\u00e1 las mejores pr\u00e1cticas para tener \u00e9xito en el Neuromarketing.<\/li>\n<\/ul>\n<ul>\n<li>Entender la Psico-Antropolog\u00eda as\u00ed como sus aportes y limitaciones dentro del campo del Neuromarketing.<\/li>\n<\/ul>\n<ul>\n<li>Conocer\u00e1 cu\u00e1l es el rol del contexto cultural.<\/li>\n<\/ul>\n<ul>\n<li>Aprender\u00e1 a conocer al cliente como persona y no como una etiqueta de &#8220;consumidor&#8221;.<\/li>\n<\/ul>\n<ul>\n<li>Entender\u00e1 cu\u00e1les son las mejores formas de realizar estos estudios con la etnograf\u00eda.<\/li>\n<\/ul>\n<ul>\n<li>Aprender\u00e1 a realizar correctamente un informe ejecutivo de Neuromarketing.<\/li>\n<\/ul>\n<h1><strong>Temas a Tratar<\/strong><\/h1>\n<ul>\n<li>\u00bfQu\u00e9 Neuro-Marketing?<\/li>\n<\/ul>\n<ul>\n<li>Bases cient\u00edficas del neuromarketing<\/li>\n<\/ul>\n<ul>\n<li>T\u00e9cnicas de estudio del neuromarketing<\/li>\n<\/ul>\n<ul>\n<li>Interpretaci\u00f3n de la conducta del consumidor<\/li>\n<\/ul>\n<ul>\n<li>Influencia de la publicidad en el consumidor<\/li>\n<\/ul>\n<ul>\n<li>Toma de decisiones irracionales<\/li>\n<\/ul>\n<ul>\n<li>Neuro-Innovaci\u00f3n e Implementaci\u00f3n.<\/li>\n<\/ul>\n<ul>\n<li>Mejores pr\u00e1cticas y procedimientos trascendentales.<\/li>\n<\/ul>\n<ul>\n<li>Nueva tendencia de investigaci\u00f3n y \u00c9tica investigativa en Neuromarketing<\/li>\n<\/ul>\n<ul>\n<li>Bases metodol\u00f3gicas en Neuromarketing<\/li>\n<\/ul>\n<ul>\n<li>Medidas cualitativas dentro de los estudios de Neuromarketing<\/li>\n<\/ul>\n<ul>\n<li>Principios de Etnograf\u00eda<\/li>\n<\/ul>\n<ul>\n<li>\u00bfC\u00f3mo desarrollar un informe ejecutivo de Neuromarketing?<\/li>\n<\/ul>\n<h1><strong>Los Beneficios Taller:<\/strong><\/h1>\n<p>El avance de las neurociencias nos permite tener mayor conocimiento del funcionamiento del cerebro, y por tanto, medir con precisi\u00f3n las preferencias de los consumidores.<img decoding=\"async\" loading=\"lazy\" class=\"alignright wp-image-614\" src=\"http:\/\/www.pro-innovacion.com\/Es\/wp-content\/uploads\/2017\/01\/ss.jpg\" alt=\"\" width=\"201\" height=\"284\" srcset=\"https:\/\/www.pro-innovacion.com\/Es\/wp-content\/uploads\/2017\/01\/ss.jpg 289w, https:\/\/www.pro-innovacion.com\/Es\/wp-content\/uploads\/2017\/01\/ss-212x300.jpg 212w\" sizes=\"(max-width: 201px) 100vw, 201px\" \/><\/p>\n<ul>\n<li>Evaluar lo que el consumidor piensa y siente en vez de lo que dice o cree querer.<\/li>\n<li>Suprime el factor \u201cadivinar\u201d o \u201csuponer\u201d del trabajo tradicional de estudio de mercado.<\/li>\n<li>Proporcionar datos m\u00e1s profundos que los meramente cuantitativos tradicionales.<\/li>\n<li>Medir toda forma de est\u00edmulo ante un modelo sin necesidad de preguntar.<\/li>\n<li>Identifica patrones de respuesta causa efecto.<\/li>\n<li>Conseguir rendimiento m\u00e1s eficaz y profundo.<\/li>\n<li>Aplicar los \u00faltimos principios y conocimientos de los procesos cognitivos de las neurociencias y la neuropsicolog\u00eda.<\/li>\n<li>Aporta los mejores diagn\u00f3sticos para la optimizaci\u00f3n de un proyecto.<\/li>\n<li>Alcanza y cuantifica partes de conocimiento que otras t\u00e9cnicas de investigaci\u00f3n no pueden: emociones, sentimientos, trabajo intangible, experiencial y sensorial.<\/li>\n<li>Aporta entendimiento al pensamiento del consumidor y a su percepci\u00f3n.<\/li>\n<\/ul>\n<h1><strong>\u00bfA qui\u00e9n va dirigido?<\/strong><\/h1>\n<p>Gerentes Generales, Propietarios de Empresas y todos aquellos que deseen ampliar sus conocimientos en una forma f\u00e1cil y amena. Gerentes Comerciales y de Marketing, Agencias de Publicidad, Brand Manager, Product Manager y todos aquellos profesionales del \u00e1rea de Marketing y Ventas que deseen aprender una forma nueva de hacer marketing efectivo.<\/p>\n<h1><strong>Metodolog\u00eda del Curso<\/strong><\/h1>\n<p>La metodolog\u00eda est\u00e1 basada en Competencias acorde al est\u00e1ndar EC0217 de SEP CONOCER. Se usar\u00e1 T\u00e9cnica Expositiva (Saber), T\u00e9cnica Demostrativa (Saber Hacer) y T\u00e9cnica de Dialogo\/Discusi\u00f3n (Saber SER).<\/p>\n<h1><strong>Evaluaci\u00f3n<\/strong><\/h1>\n<p>La evaluaci\u00f3n del aprendizaje se llevar\u00e1 a cabo durante la apertura, el desarrollo y el cierre del taller de capacitaci\u00f3n. Si el participante cumple con el 85% como m\u00ednimo de calificaci\u00f3n total, sumando estos porcentajes, se considerar\u00e1 aprobado.<\/p>\n<p>Dr.<strong>\u00a0<\/strong><strong>Ricardo R. Saavedra Hidalgo<\/strong><strong>,<\/strong>\u00a0CNC, B.Sc., M.Sc., Ph.D.<\/p>\n<p><em>Conferencista Internacional, Master Coach Trainer, y Consultor<\/em><\/p>\n<p>&#8211; Director de Enlace Internacional y Programas Internacionales de la <strong>Universidad Azteca<\/strong>.<\/p>\n<p>&#8211; Es Auditor L\u00edder de Sistemas de Gesti\u00f3n de Calidad reconocido por <strong>RABQSA<\/strong> por parte de la British Standards Institution, BSI de Gran Breta\u00f1a.<\/p>\n<p>&#8211; Es representante para M\u00e9xico de la <strong><em>Accreditation Services for International Colleges, Schools &amp; Universitites ASIC<\/em><\/strong> de Gran Breta\u00f1a.<\/p>\n<p>&#8211; Ha colaborado con la <strong>UNESCO<\/strong> en proyectos de educaci\u00f3n superior y actualmente es asesor para acreditaci\u00f3n de ONG\u00b4s ante <strong>ECOSOC la Organizaci\u00f3n de las Naciones Unidas.<\/strong><\/p>\n<p>&#8211; Es Co-Fundador de la <strong><em>Confederaci\u00f3n Internacional de Educaci\u00f3n Superior, (CONIES) <\/em><\/strong>de Am\u00e9rica Latina.<\/p>\n<p>&#8211; El Dr. Ricardo Saavedra cuenta con PhD en Psicolog\u00eda, Master of Sciences, y Bachelor of Health Sciences.<\/p>\n<p><img decoding=\"async\" loading=\"lazy\" class=\"alignright size-full wp-image-638\" src=\"http:\/\/www.pro-innovacion.com\/Es\/wp-content\/uploads\/2017\/01\/ricardo-Saavedra.png\" alt=\"\" width=\"1024\" height=\"373\" srcset=\"https:\/\/www.pro-innovacion.com\/Es\/wp-content\/uploads\/2017\/01\/ricardo-Saavedra.png 1024w, https:\/\/www.pro-innovacion.com\/Es\/wp-content\/uploads\/2017\/01\/ricardo-Saavedra-300x109.png 300w, https:\/\/www.pro-innovacion.com\/Es\/wp-content\/uploads\/2017\/01\/ricardo-Saavedra-768x280.png 768w, https:\/\/www.pro-innovacion.com\/Es\/wp-content\/uploads\/2017\/01\/ricardo-Saavedra-760x277.png 760w\" sizes=\"(max-width: 1024px) 100vw, 1024px\" \/><\/p>\n<p><img decoding=\"async\" loading=\"lazy\" class=\"alignright size-full wp-image-641\" src=\"http:\/\/www.pro-innovacion.com\/Es\/wp-content\/uploads\/2017\/01\/ricardo-Saavedra6.jpg\" alt=\"\" width=\"716\" height=\"461\" srcset=\"https:\/\/www.pro-innovacion.com\/Es\/wp-content\/uploads\/2017\/01\/ricardo-Saavedra6.jpg 716w, https:\/\/www.pro-innovacion.com\/Es\/wp-content\/uploads\/2017\/01\/ricardo-Saavedra6-300x193.jpg 300w\" sizes=\"(max-width: 716px) 100vw, 716px\" \/><\/p>\n","protected":false},"excerpt":{"rendered":"<p>\u00bfPOR QU\u00c9 ES IMPORTANTE EL NEURO-MARKETING? De cada 10 comerciales en TV que se producen, solo 4 cumplen las expectativas. De cada 10 lanzamientos de nuevos productos, solo 2 llegan a la meta planeada. De cada 10 promociones, solo 5 lo gran cumplir el objetivo Fuente: Mindcode Group, MIFS (Marketing Industry Failure Survey) El Neuromarketing [&hellip;]<\/p>\n","protected":false},"author":1,"featured_media":0,"parent":0,"menu_order":0,"comment_status":"closed","ping_status":"closed","template":"","meta":{"_uag_custom_page_level_css":""},"uagb_featured_image_src":{"full":false,"thumbnail":false,"medium":false,"medium_large":false,"large":false,"1536x1536":false,"2048x2048":false,"post-thumbnail":false},"uagb_author_info":{"display_name":"ProinnovacionAdmin","author_link":"https:\/\/www.pro-innovacion.com\/Es\/author\/proinnovacionadmin\/"},"uagb_comment_info":0,"uagb_excerpt":"\u00bfPOR QU\u00c9 ES IMPORTANTE EL NEURO-MARKETING? De cada 10 comerciales en TV que se producen, solo 4 cumplen las expectativas. De cada 10 lanzamientos de nuevos productos, solo 2 llegan a la meta planeada. De cada 10 promociones, solo 5 lo gran cumplir el objetivo Fuente: Mindcode Group, MIFS (Marketing Industry Failure Survey) El Neuromarketing&hellip;","_links":{"self":[{"href":"https:\/\/www.pro-innovacion.com\/Es\/wp-json\/wp\/v2\/pages\/535"}],"collection":[{"href":"https:\/\/www.pro-innovacion.com\/Es\/wp-json\/wp\/v2\/pages"}],"about":[{"href":"https:\/\/www.pro-innovacion.com\/Es\/wp-json\/wp\/v2\/types\/page"}],"author":[{"embeddable":true,"href":"https:\/\/www.pro-innovacion.com\/Es\/wp-json\/wp\/v2\/users\/1"}],"replies":[{"embeddable":true,"href":"https:\/\/www.pro-innovacion.com\/Es\/wp-json\/wp\/v2\/comments?post=535"}],"version-history":[{"count":9,"href":"https:\/\/www.pro-innovacion.com\/Es\/wp-json\/wp\/v2\/pages\/535\/revisions"}],"predecessor-version":[{"id":650,"href":"https:\/\/www.pro-innovacion.com\/Es\/wp-json\/wp\/v2\/pages\/535\/revisions\/650"}],"wp:attachment":[{"href":"https:\/\/www.pro-innovacion.com\/Es\/wp-json\/wp\/v2\/media?parent=535"}],"curies":[{"name":"wp","href":"https:\/\/api.w.org\/{rel}","templated":true}]}}