{"id":537,"date":"2017-01-07T18:53:21","date_gmt":"2017-01-07T18:53:21","guid":{"rendered":"http:\/\/www.pro-innovacion.com\/Es\/?page_id=537"},"modified":"2017-01-27T19:03:51","modified_gmt":"2017-01-27T19:03:51","slug":"productividad-personal","status":"publish","type":"page","link":"https:\/\/www.pro-innovacion.com\/Es\/productividad-personal\/","title":{"rendered":"Productividad Personal"},"content":{"rendered":"<h1><em>Organ\u00edzate con eficacia<\/em><\/h1>\n<p>De acuerdo con la Organizaci\u00f3n Mundial de la Salud (OMS), el estr\u00e9s laboral provoca el 25 por ciento de los 75 mil infartos al a\u00f1o registrados en M\u00e9xico; hasta ahora, 75 por ciento de los trabajadores mexicanos padecen este mal, lo que coloca al pa\u00eds en primer lugar a nivel mundial en esta categor\u00eda; le siguen China con 73 y Estados Unidos con 59.<\/p>\n<p>Por otro lado, el 50-70% de nuestra actividad laboral la dedicamos a actividades totalmente improductivas, este taller te servir\u00e1 para aprender a aprovechar el tiempo que tienes, y no m\u00e1s, de forma productiva y sin estr\u00e9s que tanto da\u00f1a a la salud.<\/p>\n<p>Este Taller nos permitir\u00e1 conocer, por un lado, las claves del Tercer H\u00e1bito (de Stephen Covey). \u201cEstablecer primero lo primero\u201d y el m\u00e9todo GTD \u00ae\u00a0(de David Allen), porque la productividad personal es una pieza clave para mejorar el rendimiento de un equipo, y por otro, las mejores y m\u00e1s completas apps que facilitar\u00e1n la ejecuci\u00f3n de nuestras actividades diarias.<\/p>\n<p>Adem\u00e1s se incluyen temas relacionados al poder de las \u201clistas\u201d (Paula Rizzo), para encontrar tiempo para relajarnos, compartir tiempo de calidad con tu familia y hacer las cosas que te gustan.<\/p>\n<p>Este Taller te brinda consejos indispensables para aprovechar mejor tu tiempo, organizarte, aumentar tu productividad, sr m\u00e1s abundante y reducir el estr\u00e9s.<\/p>\n<p>Por qu\u00e9 tomar este Taller<\/p>\n<ul>\n<li>Aplicamos la\u00a0productividad\u00a0desde un punto de vista\u00a0pr\u00e1ctico, cercano y asumible.<\/li>\n<li>Nos convertimos en tu\u00a0aliado, en un facilitador que har\u00e1\u00a0mejorar los resultados personales y\u00a0de tu organizaci\u00f3n.<\/li>\n<li>Alto conocimiento\u00a0en el desarrollo de\u00a0mejora de procesos,<\/li>\n<li>La implementaci\u00f3n de herramientas TIC\u00a0sencillas y \u00fatiles.<\/li>\n<\/ul>\n<h1><strong>Objetivo General<\/strong><\/h1>\n<p>Al final el Taller el participante TOMAR\u00c1 CONSCIENCIA de su situaci\u00f3n actual, ACTUALIZAR\u00c1 su agenda de actividades diaria enfocadas en lo m\u00e1s importante.<\/p>\n<h1><strong>Temas a Tratar<\/strong><strong>\u00a0<\/strong><\/h1>\n<ul>\n<li>Establecer \u201cPrimero lo Primero\u201d Covey<\/li>\n<\/ul>\n<p>Las\u00a0<strong>5 fases<\/strong><\/p>\n<p><strong>Capturar<\/strong>:<\/p>\n<ul>\n<ul>\n<ul>\n<li>Explicaci\u00f3n.<\/li>\n<li>Herramientas de captura.<\/li>\n<li>Actividad 1: Establecer elementos de captura.<\/li>\n<\/ul>\n<\/ul>\n<\/ul>\n<p><strong>Aclarar<\/strong>:<\/p>\n<ul>\n<ul>\n<ul>\n<li>Explicaci\u00f3n.<\/li>\n<li>Actividad 2: Elaborar el inventario de compromisos.<\/li>\n<li>Actividad 3:\u00a0Establecer\u00a0listas de control.<\/li>\n<\/ul>\n<\/ul>\n<\/ul>\n<p><strong>Organizar<\/strong>:<\/p>\n<ul>\n<ul>\n<ul>\n<li>Explicaci\u00f3n.<\/li>\n<li>Herramientas de organizaci\u00f3n.<\/li>\n<li>Actividad 4: Establecer elementos de organizaci\u00f3n.<\/li>\n<li>Actividad 5: Organizar los elementos del inventario.<\/li>\n<\/ul>\n<\/ul>\n<\/ul>\n<p><strong>Revisar:<\/strong><\/p>\n<ul>\n<ul>\n<ul>\n<li>Explicaci\u00f3n.<\/li>\n<li>Actividad 6: Establecer recordatorios de revisi\u00f3n.<\/li>\n<\/ul>\n<\/ul>\n<\/ul>\n<p><strong>Hacer<\/strong>:<\/p>\n<ul>\n<ul>\n<ul>\n<li>Explicaci\u00f3n.<\/li>\n<li>Actividad 7: Aplicar los criterios de selecci\u00f3n de acciones durante la semana.<\/li>\n<\/ul>\n<\/ul>\n<\/ul>\n<h1><strong>Los Beneficios Taller:<\/strong><\/h1>\n<ul>\n<li>Tener claridad y un rumbo para nuestras actividades diarias.<\/li>\n<li>Lograr\u00a0mayor control\u00a0sobre las tareas del d\u00eda a d\u00eda.<\/li>\n<li>Gestionar mejor el trabajo diario,\u00a0organizando de forma m\u00e1s \u00f3ptima\u00a0la actividad de la jornada laboral.<\/li>\n<li>Desahogar la acumulaci\u00f3n de tareas\u00a0pendientes y no planificadas.<\/li>\n<li>Aumentar el\u00a0nivel de perspectiva\u00a0para tomar mejores decisiones.<\/li>\n<li>Conseguir que las cosas se hagan.<\/li>\n<li>Volverte m\u00e1s productivo (a) y eficiente tanto en el trabajo, como en casa.<\/li>\n<li>Guiarte a delegar aspectos de tu vida de tal manera que t\u00fa no tengas que hacerlo todo en todo momento.<\/li>\n<li>Mostrarte aplicaciones, servicios y sitios de Internet que te pueden ayudar a mantenerte organizado (a).<\/li>\n<li>Darte nuevas estrategias y arreglar malos h\u00e1bitos en la elaboraci\u00f3n de listas.<\/li>\n<\/ul>\n<h1><strong>\u00bfA qui\u00e9n va dirigido?<\/strong><\/h1>\n<p>Este Taller NO solo es para \u201cEjecutivos\u201d, tambi\u00e9n est\u00e1 dirigido a estudiantes, trabajadores, profesionales, amas de casa, comerciantes, directivos y empresarios.<\/p>\n<h1><strong>Metodolog\u00eda del Curso<\/strong><\/h1>\n<p>Basado en una metodolog\u00eda pr\u00e1ctica, din\u00e1mica y participativa, donde se pretende que el asistente reciba nociones e informaci\u00f3n b\u00e1sica, que le permita a continuaci\u00f3n y por su cuenta aplicar en el d\u00eda a d\u00eda La metodolog\u00eda est\u00e1 basada en Competencias acorde al est\u00e1ndar EC0217 de SEP CONOCER. Se usar\u00e1 T\u00e9cnica Expositiva (Saber), T\u00e9cnica Demostrativa (Saber Hacer) y T\u00e9cnica de Dialogo\/Discusi\u00f3n (Saber Ser).<\/p>\n<h1>Dr.<strong>\u00a0<\/strong><strong>Ricardo R. Saavedra Hidalgo<\/strong><strong>,<\/strong>\u00a0CNC, B.Sc., M.Sc., Ph.D.<\/h1>\n<p><em>Conferencista Internacional, Master Coach Trainer, y Consultor<img decoding=\"async\" loading=\"lazy\" class=\"alignright  wp-image-614\" src=\"http:\/\/www.pro-innovacion.com\/Es\/wp-content\/uploads\/2017\/01\/ss.jpg\" alt=\"\" width=\"177\" height=\"250\" srcset=\"https:\/\/www.pro-innovacion.com\/Es\/wp-content\/uploads\/2017\/01\/ss.jpg 289w, https:\/\/www.pro-innovacion.com\/Es\/wp-content\/uploads\/2017\/01\/ss-212x300.jpg 212w\" sizes=\"(max-width: 177px) 100vw, 177px\" \/><\/em><\/p>\n<p>&#8211; Director de Enlace Internacional y Programas Internacionales de la <strong>Universidad Azteca<\/strong>.<\/p>\n<p>&#8211; Es Auditor L\u00edder de Sistemas de Gesti\u00f3n de Calidad reconocido por <strong>RABQSA<\/strong> por parte de la British Standards Institution, BSI de Gran Breta\u00f1a.<\/p>\n<p>&#8211; Es representante para M\u00e9xico de la <strong><em>Accreditation Services for International Colleges, Schools &amp; Universitites ASIC<\/em><\/strong> de Gran Breta\u00f1a.<\/p>\n<p>&#8211; Ha colaborado con la <strong>UNESCO<\/strong> en proyectos de educaci\u00f3n superior y actualmente es asesor para acreditaci\u00f3n de ONG\u00b4s ante <strong>ECOSOC la Organizaci\u00f3n de las Naciones Unidas.<\/strong><\/p>\n<p>&#8211; Es Co-Fundador de la <strong><em>Confederaci\u00f3n Internacional de Educaci\u00f3n Superior, (CONIES) <\/em><\/strong>de Am\u00e9rica Latina.<\/p>\n<p>&#8211; El Dr. Ricardo Saavedra cuenta con PhD en Psicolog\u00eda, Master of Sciences, y Bachelor of Health Sciences.<img decoding=\"async\" loading=\"lazy\" class=\"alignright size-full wp-image-638\" src=\"http:\/\/www.pro-innovacion.com\/Es\/wp-content\/uploads\/2017\/01\/ricardo-Saavedra.png\" alt=\"\" width=\"1024\" height=\"373\" srcset=\"https:\/\/www.pro-innovacion.com\/Es\/wp-content\/uploads\/2017\/01\/ricardo-Saavedra.png 1024w, https:\/\/www.pro-innovacion.com\/Es\/wp-content\/uploads\/2017\/01\/ricardo-Saavedra-300x109.png 300w, https:\/\/www.pro-innovacion.com\/Es\/wp-content\/uploads\/2017\/01\/ricardo-Saavedra-768x280.png 768w, https:\/\/www.pro-innovacion.com\/Es\/wp-content\/uploads\/2017\/01\/ricardo-Saavedra-760x277.png 760w\" sizes=\"(max-width: 1024px) 100vw, 1024px\" \/><\/p>\n<p><img decoding=\"async\" loading=\"lazy\" class=\"alignright size-full wp-image-641\" src=\"http:\/\/www.pro-innovacion.com\/Es\/wp-content\/uploads\/2017\/01\/ricardo-Saavedra6.jpg\" alt=\"\" width=\"716\" height=\"461\" srcset=\"https:\/\/www.pro-innovacion.com\/Es\/wp-content\/uploads\/2017\/01\/ricardo-Saavedra6.jpg 716w, https:\/\/www.pro-innovacion.com\/Es\/wp-content\/uploads\/2017\/01\/ricardo-Saavedra6-300x193.jpg 300w\" sizes=\"(max-width: 716px) 100vw, 716px\" \/><\/p>\n<p>&nbsp;<\/p>\n","protected":false},"excerpt":{"rendered":"<p>Organ\u00edzate con eficacia De acuerdo con la Organizaci\u00f3n Mundial de la Salud (OMS), el estr\u00e9s laboral provoca el 25 por ciento de los 75 mil infartos al a\u00f1o registrados en M\u00e9xico; hasta ahora, 75 por ciento de los trabajadores mexicanos padecen este mal, lo que coloca al pa\u00eds en primer lugar a nivel mundial en [&hellip;]<\/p>\n","protected":false},"author":1,"featured_media":0,"parent":0,"menu_order":0,"comment_status":"closed","ping_status":"closed","template":"","meta":{"_uag_custom_page_level_css":""},"uagb_featured_image_src":{"full":false,"thumbnail":false,"medium":false,"medium_large":false,"large":false,"1536x1536":false,"2048x2048":false,"post-thumbnail":false},"uagb_author_info":{"display_name":"ProinnovacionAdmin","author_link":"https:\/\/www.pro-innovacion.com\/Es\/author\/proinnovacionadmin\/"},"uagb_comment_info":0,"uagb_excerpt":"Organ\u00edzate con eficacia De acuerdo con la Organizaci\u00f3n Mundial de la Salud (OMS), el estr\u00e9s laboral provoca el 25 por ciento de los 75 mil infartos al a\u00f1o registrados en M\u00e9xico; hasta ahora, 75 por ciento de los trabajadores mexicanos padecen este mal, lo que coloca al pa\u00eds en primer lugar a nivel mundial en&hellip;","_links":{"self":[{"href":"https:\/\/www.pro-innovacion.com\/Es\/wp-json\/wp\/v2\/pages\/537"}],"collection":[{"href":"https:\/\/www.pro-innovacion.com\/Es\/wp-json\/wp\/v2\/pages"}],"about":[{"href":"https:\/\/www.pro-innovacion.com\/Es\/wp-json\/wp\/v2\/types\/page"}],"author":[{"embeddable":true,"href":"https:\/\/www.pro-innovacion.com\/Es\/wp-json\/wp\/v2\/users\/1"}],"replies":[{"embeddable":true,"href":"https:\/\/www.pro-innovacion.com\/Es\/wp-json\/wp\/v2\/comments?post=537"}],"version-history":[{"count":7,"href":"https:\/\/www.pro-innovacion.com\/Es\/wp-json\/wp\/v2\/pages\/537\/revisions"}],"predecessor-version":[{"id":644,"href":"https:\/\/www.pro-innovacion.com\/Es\/wp-json\/wp\/v2\/pages\/537\/revisions\/644"}],"wp:attachment":[{"href":"https:\/\/www.pro-innovacion.com\/Es\/wp-json\/wp\/v2\/media?parent=537"}],"curies":[{"name":"wp","href":"https:\/\/api.w.org\/{rel}","templated":true}]}}