{"id":577,"date":"2017-01-13T18:25:20","date_gmt":"2017-01-13T18:25:20","guid":{"rendered":"http:\/\/www.pro-innovacion.com\/Es\/?page_id=577"},"modified":"2017-02-11T17:26:43","modified_gmt":"2017-02-11T17:26:43","slug":"auditor-lider-iso-90012015","status":"publish","type":"page","link":"https:\/\/www.pro-innovacion.com\/Es\/auditor-lider-iso-90012015\/","title":{"rendered":"Auditor L\u00edder ISO 9001:2015"},"content":{"rendered":"<p>El curso de cuatro d\u00edas \u201cAuditor L\u00edder de Sistemas de Calidad &#8211; ISO 9001:2015 \u00a0basado en competencias, ense\u00f1a un conocimiento general de los conceptos de la norma ISO 9001:2015 y los principios y pr\u00e1cticas de proceso de auditor\u00edas de sistemas de gesti\u00f3n y de conformidad con la norma ISO 19011, &#8220;Directrices para Auditor\u00edas de Sistemas de Gesti\u00f3n&#8221;. Instructores experimentados explican las cl\u00e1usulas de la norma ISO 9001:2015 en detalle y gu\u00edan a los estudiantes a trav\u00e9s del proceso de auditor\u00eda completo, desde la gesti\u00f3n de un programa de auditor\u00eda hasta informar sobre los resultados de auditor\u00eda. Los estudiantes obtienen las habilidades necesarias de auditor\u00eda a trav\u00e9s de un equilibrio de tutor\u00edas formal en el aula, juegos de rol, talleres de grupo y debates en foros abiertos.<\/p>\n<p>Este curso consta de las siguientes tres unidades de competencia:<\/p>\n<p>QM &#8211; Sistemas de Gesti\u00f3n de Calidad<\/p>\n<p>AU &#8211; Sistemas de Gesti\u00f3n de Auditor\u00eda<\/p>\n<p>TL &#8211; Principales Sistemas de Gesti\u00f3n de los equipos de auditores<\/p>\n<p>Objetivos de aprendizaje<\/p>\n<ul>\n<li>Comprender las definiciones, conceptos y directrices de gesti\u00f3n de calidad.<\/li>\n<li>Entender el prop\u00f3sito de la serie ISO 9000<\/li>\n<li>Comprender los requisitos de la norma ISO 9001:2015<\/li>\n<li>Entender las funciones y responsabilidades del auditor<\/li>\n<li>Aplicar la norma ISO 19011 en definiciones, conceptos y directrices<\/li>\n<li>Reconocer los principios, pr\u00e1cticas y tipos de auditor\u00edas<\/li>\n<li>Llevar a cabo todas las fases de una auditor\u00eda interna<\/li>\n<li>Preparar y presentar informes eficaces<\/li>\n<li>Comprender el esquema de certificaci\u00f3n.<\/li>\n<li>Entender el papel de los objetivos, el alcance y los criterios en el proceso de auditor\u00eda<\/li>\n<li>C\u00f3mo planificar las auditor\u00edas<\/li>\n<li>Conducir la selecci\u00f3n del equipo de auditor\u00eda<\/li>\n<li>Iniciar la auditor\u00eda y la realizaci\u00f3n de sesiones de apertura<\/li>\n<li>Comprender las responsabilidades del l\u00edder del equipo de auditor\u00eda<\/li>\n<li>Comunicar de manera efectiva durante la auditor\u00eda<\/li>\n<li>Realizar reuniones de cierre e informar los resultados de la auditor\u00eda<\/li>\n<\/ul>\n<p>Material del Curso<\/p>\n<p>Los estudiantes reciben manuales de curso completo con materiales de referencia.<\/p>\n<p>Qui\u00e9n debe asistir<\/p>\n<ul>\n<li>Las personas interesadas en conducir auditor\u00edas de primera, segunda y tercera parte<\/li>\n<li>Representantes de la Direcci\u00f3n<\/li>\n<li>Directores de Calidad<\/li>\n<li>Gerentes, Ingenieros y Consultores del Sistema<\/li>\n<\/ul>\n<div class=\"divPrecio\">\n<p><b>Inversi\u00f3n: <a href=\"http:\/\/www.pro-innovacion.com\/Es\/contacto\/\">Contactanos<\/a><\/b><\/p>\n<p><b>Unidades de Educaci\u00f3n Continua:<\/b> 3.2<\/p>\n<p><b>Duraci\u00f3n del Curso: <\/b>4 D\u00edas (32 horas)<\/p>\n<p><b>Curso \u00c1rea de: <\/b>Calidad<\/p>\n<\/div>\n","protected":false},"excerpt":{"rendered":"<p>El curso de cuatro d\u00edas \u201cAuditor L\u00edder de Sistemas de Calidad &#8211; ISO 9001:2015 \u00a0basado en competencias, ense\u00f1a un conocimiento general de los conceptos de la norma ISO 9001:2015 y los principios y pr\u00e1cticas de proceso de auditor\u00edas de sistemas de gesti\u00f3n y de conformidad con la norma ISO 19011, &#8220;Directrices para Auditor\u00edas de Sistemas [&hellip;]<\/p>\n","protected":false},"author":1,"featured_media":0,"parent":0,"menu_order":0,"comment_status":"closed","ping_status":"closed","template":"","meta":{"_uag_custom_page_level_css":""},"uagb_featured_image_src":{"full":false,"thumbnail":false,"medium":false,"medium_large":false,"large":false,"1536x1536":false,"2048x2048":false,"post-thumbnail":false},"uagb_author_info":{"display_name":"ProinnovacionAdmin","author_link":"https:\/\/www.pro-innovacion.com\/Es\/author\/proinnovacionadmin\/"},"uagb_comment_info":0,"uagb_excerpt":"El curso de cuatro d\u00edas \u201cAuditor L\u00edder de Sistemas de Calidad &#8211; ISO 9001:2015 \u00a0basado en competencias, ense\u00f1a un conocimiento general de los conceptos de la norma ISO 9001:2015 y los principios y pr\u00e1cticas de proceso de auditor\u00edas de sistemas de gesti\u00f3n y de conformidad con la norma ISO 19011, &#8220;Directrices para Auditor\u00edas de Sistemas&hellip;","_links":{"self":[{"href":"https:\/\/www.pro-innovacion.com\/Es\/wp-json\/wp\/v2\/pages\/577"}],"collection":[{"href":"https:\/\/www.pro-innovacion.com\/Es\/wp-json\/wp\/v2\/pages"}],"about":[{"href":"https:\/\/www.pro-innovacion.com\/Es\/wp-json\/wp\/v2\/types\/page"}],"author":[{"embeddable":true,"href":"https:\/\/www.pro-innovacion.com\/Es\/wp-json\/wp\/v2\/users\/1"}],"replies":[{"embeddable":true,"href":"https:\/\/www.pro-innovacion.com\/Es\/wp-json\/wp\/v2\/comments?post=577"}],"version-history":[{"count":8,"href":"https:\/\/www.pro-innovacion.com\/Es\/wp-json\/wp\/v2\/pages\/577\/revisions"}],"predecessor-version":[{"id":684,"href":"https:\/\/www.pro-innovacion.com\/Es\/wp-json\/wp\/v2\/pages\/577\/revisions\/684"}],"wp:attachment":[{"href":"https:\/\/www.pro-innovacion.com\/Es\/wp-json\/wp\/v2\/media?parent=577"}],"curies":[{"name":"wp","href":"https:\/\/api.w.org\/{rel}","templated":true}]}}