{"id":583,"date":"2017-01-13T18:31:51","date_gmt":"2017-01-13T18:31:51","guid":{"rendered":"http:\/\/www.pro-innovacion.com\/Es\/?page_id=583"},"modified":"2017-01-14T20:53:59","modified_gmt":"2017-01-14T20:53:59","slug":"auditor-interno-iso-90012015","status":"publish","type":"page","link":"https:\/\/www.pro-innovacion.com\/Es\/auditor-interno-iso-90012015\/","title":{"rendered":"Auditor Interno ISO 9001:2015"},"content":{"rendered":"<h1>Descripci\u00f3n del curso<\/h1>\n<p>El curso de tres d\u00edas \u201cAuditor Interno de Sistemas de Calidad &#8211; ISO 9001:2015\u201d de Universidad Azteca basado en competencias ense\u00f1a un conocimiento general de los conceptos de la norma ISO 9001:2015 y los principios y pr\u00e1cticas de las auditor\u00edas internas efectivas de conformidad con la norma ISO 19011:2011 &#8220;Directrices para la\u00a0Auditor\u00eda de Sistemas de Gesti\u00f3n&#8221;. Instructores experimentados explican las cl\u00e1usulas de la norma ISO 9001:2015 en detalle y gu\u00edan a los estudiantes a trav\u00e9s de auditor\u00edas internas que se requieren para un sistema de gesti\u00f3n de calidad basado en ISO 9001:2015. Los estudiantes obtienen las habilidades necesarias de auditor\u00eda a trav\u00e9s de un equilibrio formal de tutor\u00edas en el aula, juego pr\u00e1ctico de rol, talleres de grupo y debates en foros abiertos.<\/p>\n<p>Este curso consta de los siguientes dos unidades de competencia:<\/p>\n<ul>\n<li>QM &#8211; Sistemas de Gesti\u00f3n de Calidad<\/li>\n<li>AU &#8211; Sistemas de Gesti\u00f3n de Auditor\u00eda<\/li>\n<\/ul>\n<p>Los asistentes que completen con \u00e9xito este curso recibir\u00e1n un Certificado de Logro para cada una de las unidades de competencia.<\/p>\n<p>Objetivos de aprendizaje<\/p>\n<ul>\n<li>Comprender las definiciones de gesti\u00f3n de calidad, conceptos y directrices<\/li>\n<li>Entender el prop\u00f3sito de la serie ISO 9000<\/li>\n<li>Comprender los requisitos de la norma ISO 9001:2015<\/li>\n<li>Entender las funciones y responsabilidades del auditor<\/li>\n<li>Aplicar las definiciones, conceptos y directrices de la norma ISO 19011:2011<\/li>\n<li>Reconocer los principios, pr\u00e1cticas y tipos de auditor\u00edas<\/li>\n<li>Llevar a cabo todas las fases de una auditor\u00eda interna<\/li>\n<li>Preparar y presentar informes eficaces<\/li>\n<li>Comprender el esquema de certificaci\u00f3n.<\/li>\n<\/ul>\n<p>Material del Curso<\/p>\n<p>Los estudiantes reciben manuales de curso completo con materiales de referencia.<\/p>\n<p>Qui\u00e9n debe asistir<\/p>\n<ul>\n<li>Personas interesadas en la realizaci\u00f3n, gesti\u00f3n o participaci\u00f3n en auditorias de primera parte (internas)<\/li>\n<li>Miembros del equipo de implementaci\u00f3n del sistema de gesti\u00f3n<\/li>\n<li>Gerentes de Control de Calidad<\/li>\n<\/ul>\n<div class=\"divPrecio\">\n<p><b>Inversi\u00f3n:<\/b><\/p>\n<p><b>Unidades de Educaci\u00f3n Continua:<\/b> 2.4<\/p>\n<p><b>Duraci\u00f3n del Curso: <\/b>3 D\u00edas (24 horas)<\/p>\n<p><b>Curso \u00c1rea de: <\/b>Calidad<\/p>\n<\/div>\n","protected":false},"excerpt":{"rendered":"<p>Descripci\u00f3n del curso El curso de tres d\u00edas \u201cAuditor Interno de Sistemas de Calidad &#8211; ISO 9001:2015\u201d de Universidad Azteca basado en competencias ense\u00f1a un conocimiento general de los conceptos de la norma ISO 9001:2015 y los principios y pr\u00e1cticas de las auditor\u00edas internas efectivas de conformidad con la norma ISO 19011:2011 &#8220;Directrices para la\u00a0Auditor\u00eda [&hellip;]<\/p>\n","protected":false},"author":1,"featured_media":0,"parent":0,"menu_order":0,"comment_status":"closed","ping_status":"closed","template":"","meta":{"_uag_custom_page_level_css":""},"uagb_featured_image_src":{"full":false,"thumbnail":false,"medium":false,"medium_large":false,"large":false,"1536x1536":false,"2048x2048":false,"post-thumbnail":false},"uagb_author_info":{"display_name":"ProinnovacionAdmin","author_link":"https:\/\/www.pro-innovacion.com\/Es\/author\/proinnovacionadmin\/"},"uagb_comment_info":0,"uagb_excerpt":"Descripci\u00f3n del curso El curso de tres d\u00edas \u201cAuditor Interno de Sistemas de Calidad &#8211; ISO 9001:2015\u201d de Universidad Azteca basado en competencias ense\u00f1a un conocimiento general de los conceptos de la norma ISO 9001:2015 y los principios y pr\u00e1cticas de las auditor\u00edas internas efectivas de conformidad con la norma ISO 19011:2011 &#8220;Directrices para la\u00a0Auditor\u00eda&hellip;","_links":{"self":[{"href":"https:\/\/www.pro-innovacion.com\/Es\/wp-json\/wp\/v2\/pages\/583"}],"collection":[{"href":"https:\/\/www.pro-innovacion.com\/Es\/wp-json\/wp\/v2\/pages"}],"about":[{"href":"https:\/\/www.pro-innovacion.com\/Es\/wp-json\/wp\/v2\/types\/page"}],"author":[{"embeddable":true,"href":"https:\/\/www.pro-innovacion.com\/Es\/wp-json\/wp\/v2\/users\/1"}],"replies":[{"embeddable":true,"href":"https:\/\/www.pro-innovacion.com\/Es\/wp-json\/wp\/v2\/comments?post=583"}],"version-history":[{"count":6,"href":"https:\/\/www.pro-innovacion.com\/Es\/wp-json\/wp\/v2\/pages\/583\/revisions"}],"predecessor-version":[{"id":625,"href":"https:\/\/www.pro-innovacion.com\/Es\/wp-json\/wp\/v2\/pages\/583\/revisions\/625"}],"wp:attachment":[{"href":"https:\/\/www.pro-innovacion.com\/Es\/wp-json\/wp\/v2\/media?parent=583"}],"curies":[{"name":"wp","href":"https:\/\/api.w.org\/{rel}","templated":true}]}}