{"id":588,"date":"2017-01-13T19:15:13","date_gmt":"2017-01-13T19:15:13","guid":{"rendered":"http:\/\/www.pro-innovacion.com\/Es\/?page_id=588"},"modified":"2017-01-14T20:54:38","modified_gmt":"2017-01-14T20:54:38","slug":"conociendo-a-detalle-los-conceptos-clave-de-iso-90012015","status":"publish","type":"page","link":"https:\/\/www.pro-innovacion.com\/Es\/conociendo-a-detalle-los-conceptos-clave-de-iso-90012015\/","title":{"rendered":"Conociendo a detalle los conceptos clave de ISO 9001:2015"},"content":{"rendered":"<h1>Descripci\u00f3n del curso<\/h1>\n<p>Aproveche al m\u00e1ximo su sistema de gesti\u00f3n de calidad (SGC) al obtener una profunda comprensi\u00f3n de 4 \u00e1reas cr\u00edticas de ISO 9001:2015. Si usted est\u00e1 involucrado en una transici\u00f3n a\u00a0ISO 9001:2015, su implementaci\u00f3n o auditor\u00eda, este curso de 2 d\u00edas explora en detalle los temas\u00a0de: Enfoque Basado en Procesos, Pensamiento Basado en Riesgo, Provisi\u00f3n Externa\u00a0(subcontrataci\u00f3n) y Liderazgo en el \u00e1mbito interno de la organizaci\u00f3n para desarrollar su habilidad para abordarlos exitosamente.<\/p>\n<h1>Objetivos de aprendizaje<\/h1>\n<p>Obtenga un profundo entendimiento en estos importantes temas de ISO 9001:2015: Enfoque\u00a0Basado en Procesos, Pensamiento Basado en Riesgo, Provisi\u00f3n Externa y Liderazgo.<\/p>\n<p>Este curso le ayudar\u00e1 a:<\/p>\n<p>Dise\u00f1ar y desarrollar procesos apropiados y efectivos<\/p>\n<p>Identificar y gestionar el riesgo aplicando un enfoque basado en riesgos<\/p>\n<p>Descubrir formas de controlar a subcontratistas externos como proveedores<\/p>\n<p>Desarrollar las habilidades personales y la destreza t\u00e9cnica para liderar<\/p>\n<p>\u00bfQui\u00e9n debiera asistir?<\/p>\n<p>Personas que trabajan directamente con una SGC basado en ISO 9001:2015, incluyendo gerentes, implementadores y auditores.<\/p>\n<h1>Enfoque de aprendizaje<\/h1>\n<p>Nuestro enfoque de aprendizaje acelerado de alto impacto de probada eficacia para el aprendizaje\u00a0r\u00e1pido mejora la retenci\u00f3n del conocimiento y la habilidad de su aplicaci\u00f3n. Este curso est\u00e1 basado en actividades que logran un efecto positivo, resultando una comprensi\u00f3n m\u00e1s profunda del material y mayor impacto en la ejecuci\u00f3n del trabajo ahorrando tiempo y dinero.<\/p>\n<div class=\"divPrecio\">\n<p><b>Inversi\u00f3n:<\/b><\/p>\n<p><b>Precio de Inscripci\u00f3n Anticipada*:<\/b><\/p>\n<p><b>Unidades de Educaci\u00f3n Continua:<\/b> 1.6<\/p>\n<p><b>Duraci\u00f3n del curso:<\/b> 2 D\u00edas (16 horas)<\/p>\n<\/div>\n","protected":false},"excerpt":{"rendered":"<p>Descripci\u00f3n del curso Aproveche al m\u00e1ximo su sistema de gesti\u00f3n de calidad (SGC) al obtener una profunda comprensi\u00f3n de 4 \u00e1reas cr\u00edticas de ISO 9001:2015. Si usted est\u00e1 involucrado en una transici\u00f3n a\u00a0ISO 9001:2015, su implementaci\u00f3n o auditor\u00eda, este curso de 2 d\u00edas explora en detalle los temas\u00a0de: Enfoque Basado en Procesos, Pensamiento Basado en [&hellip;]<\/p>\n","protected":false},"author":1,"featured_media":0,"parent":0,"menu_order":0,"comment_status":"closed","ping_status":"closed","template":"","meta":{"_uag_custom_page_level_css":""},"uagb_featured_image_src":{"full":false,"thumbnail":false,"medium":false,"medium_large":false,"large":false,"1536x1536":false,"2048x2048":false,"post-thumbnail":false},"uagb_author_info":{"display_name":"ProinnovacionAdmin","author_link":"https:\/\/www.pro-innovacion.com\/Es\/author\/proinnovacionadmin\/"},"uagb_comment_info":0,"uagb_excerpt":"Descripci\u00f3n del curso Aproveche al m\u00e1ximo su sistema de gesti\u00f3n de calidad (SGC) al obtener una profunda comprensi\u00f3n de 4 \u00e1reas cr\u00edticas de ISO 9001:2015. Si usted est\u00e1 involucrado en una transici\u00f3n a\u00a0ISO 9001:2015, su implementaci\u00f3n o auditor\u00eda, este curso de 2 d\u00edas explora en detalle los temas\u00a0de: Enfoque Basado en Procesos, Pensamiento Basado en&hellip;","_links":{"self":[{"href":"https:\/\/www.pro-innovacion.com\/Es\/wp-json\/wp\/v2\/pages\/588"}],"collection":[{"href":"https:\/\/www.pro-innovacion.com\/Es\/wp-json\/wp\/v2\/pages"}],"about":[{"href":"https:\/\/www.pro-innovacion.com\/Es\/wp-json\/wp\/v2\/types\/page"}],"author":[{"embeddable":true,"href":"https:\/\/www.pro-innovacion.com\/Es\/wp-json\/wp\/v2\/users\/1"}],"replies":[{"embeddable":true,"href":"https:\/\/www.pro-innovacion.com\/Es\/wp-json\/wp\/v2\/comments?post=588"}],"version-history":[{"count":4,"href":"https:\/\/www.pro-innovacion.com\/Es\/wp-json\/wp\/v2\/pages\/588\/revisions"}],"predecessor-version":[{"id":627,"href":"https:\/\/www.pro-innovacion.com\/Es\/wp-json\/wp\/v2\/pages\/588\/revisions\/627"}],"wp:attachment":[{"href":"https:\/\/www.pro-innovacion.com\/Es\/wp-json\/wp\/v2\/media?parent=588"}],"curies":[{"name":"wp","href":"https:\/\/api.w.org\/{rel}","templated":true}]}}