{"id":592,"date":"2017-01-13T19:21:00","date_gmt":"2017-01-13T19:21:00","guid":{"rendered":"http:\/\/www.pro-innovacion.com\/Es\/?page_id=592"},"modified":"2017-01-27T19:35:36","modified_gmt":"2017-01-27T19:35:36","slug":"transicion-iso-90012015","status":"publish","type":"page","link":"https:\/\/www.pro-innovacion.com\/Es\/transicion-iso-90012015\/","title":{"rendered":"Transici\u00f3n ISO 9001:2015"},"content":{"rendered":"<h1>Descripci\u00f3n del curso:<\/h1>\n<p>Facilite su transici\u00f3n a ISO 9001:2015 identificando los\u00a0cambios fundamentales para el nuevo est\u00e1ndar. Realce su conocimiento de los\u00a0requisitos enmendados y aprende a desarrollar un plan de acci\u00f3n que ayudar\u00e1 la\u00a0implementaci\u00f3n de cambios dentro de su organizaci\u00f3n.<\/p>\n<h1>\u00bfC\u00f3mo me beneficiar\u00e9?<\/h1>\n<ul>\n<li>Usando herramientas de an\u00e1lisis del brecha y plantillas para evaluar su sistema\u00a0actual.<\/li>\n<li>Aplicando los cambios claves entre ISO 9001:2008 e ISO 9001:2015<\/li>\n<li>Implementando los nuevos requisitos del Anexo SL (Ap\u00e9ndice 2) referente al\u00a0contexto organizacional, liderazgo, planificaci\u00f3n y apoyo<\/li>\n<li>Identificando nuevos requisitos para la informaci\u00f3n documentada<\/li>\n<li>Desarrollando un plan de acci\u00f3n que puede aplicar inmediatamente<\/li>\n<li>Enter\u00e1ndose de disposiciones de transici\u00f3n para la certificaci\u00f3n.<\/li>\n<\/ul>\n<h1>\u00bfQu\u00e9 aprender\u00e9?<\/h1>\n<p>Combinando el curso de un d\u00eda &#8216;Transici\u00f3n ISO 9001:2015&#8217; con un d\u00eda adicional de\u00a0actividades de implementaci\u00f3n, usted identificar\u00e1 los requisitos enmendados y c\u00f3mo\u00a0puede implementar estos cambios en su sistema actual.<\/p>\n<p>Formular\u00e1 su propio plan de\u00a0acci\u00f3n para ayudarle a implementar controles robustos de proceso espec\u00edficos para\u00a0su organizaci\u00f3n.<\/p>\n<h1>\u00bfQui\u00e9n deber\u00eda asistir?<\/h1>\n<p>Este curso es ideal para todos los involucrados en la planificaci\u00f3n, implementaci\u00f3n o\u00a0supervisando la transici\u00f3n a ISO 9001:2015.<\/p>\n<div class=\"divPrecio\">\n<p><b>Costo del curso:<\/b>\u00a0<a href=\"http:\/\/www.pro-innovacion.com\/Es\/contacto\/\">Contactanos aqu\u00ed<\/a><\/p>\n<p><b>Precio de Inscripci\u00f3n Anticipada*:<\/b>\u00a0<a href=\"http:\/\/www.pro-innovacion.com\/Es\/contacto\/\">Contactanos aqu\u00ed<\/a><\/p>\n<p><b>Unidades de Educaci\u00f3n Continua:<\/b> 1.6<\/p>\n<p><b>Duraci\u00f3n del curso:<\/b> 2 D\u00edas (16 horas)<\/p>\n<\/div>\n","protected":false},"excerpt":{"rendered":"<p>Descripci\u00f3n del curso: Facilite su transici\u00f3n a ISO 9001:2015 identificando los\u00a0cambios fundamentales para el nuevo est\u00e1ndar. Realce su conocimiento de los\u00a0requisitos enmendados y aprende a desarrollar un plan de acci\u00f3n que ayudar\u00e1 la\u00a0implementaci\u00f3n de cambios dentro de su organizaci\u00f3n. \u00bfC\u00f3mo me beneficiar\u00e9? Usando herramientas de an\u00e1lisis del brecha y plantillas para evaluar su sistema\u00a0actual. Aplicando [&hellip;]<\/p>\n","protected":false},"author":1,"featured_media":0,"parent":0,"menu_order":0,"comment_status":"closed","ping_status":"closed","template":"","meta":{"_uag_custom_page_level_css":""},"uagb_featured_image_src":{"full":false,"thumbnail":false,"medium":false,"medium_large":false,"large":false,"1536x1536":false,"2048x2048":false,"post-thumbnail":false},"uagb_author_info":{"display_name":"ProinnovacionAdmin","author_link":"https:\/\/www.pro-innovacion.com\/Es\/author\/proinnovacionadmin\/"},"uagb_comment_info":0,"uagb_excerpt":"Descripci\u00f3n del curso: Facilite su transici\u00f3n a ISO 9001:2015 identificando los\u00a0cambios fundamentales para el nuevo est\u00e1ndar. Realce su conocimiento de los\u00a0requisitos enmendados y aprende a desarrollar un plan de acci\u00f3n que ayudar\u00e1 la\u00a0implementaci\u00f3n de cambios dentro de su organizaci\u00f3n. \u00bfC\u00f3mo me beneficiar\u00e9? Usando herramientas de an\u00e1lisis del brecha y plantillas para evaluar su sistema\u00a0actual. Aplicando&hellip;","_links":{"self":[{"href":"https:\/\/www.pro-innovacion.com\/Es\/wp-json\/wp\/v2\/pages\/592"}],"collection":[{"href":"https:\/\/www.pro-innovacion.com\/Es\/wp-json\/wp\/v2\/pages"}],"about":[{"href":"https:\/\/www.pro-innovacion.com\/Es\/wp-json\/wp\/v2\/types\/page"}],"author":[{"embeddable":true,"href":"https:\/\/www.pro-innovacion.com\/Es\/wp-json\/wp\/v2\/users\/1"}],"replies":[{"embeddable":true,"href":"https:\/\/www.pro-innovacion.com\/Es\/wp-json\/wp\/v2\/comments?post=592"}],"version-history":[{"count":5,"href":"https:\/\/www.pro-innovacion.com\/Es\/wp-json\/wp\/v2\/pages\/592\/revisions"}],"predecessor-version":[{"id":647,"href":"https:\/\/www.pro-innovacion.com\/Es\/wp-json\/wp\/v2\/pages\/592\/revisions\/647"}],"wp:attachment":[{"href":"https:\/\/www.pro-innovacion.com\/Es\/wp-json\/wp\/v2\/media?parent=592"}],"curies":[{"name":"wp","href":"https:\/\/api.w.org\/{rel}","templated":true}]}}