{"id":597,"date":"2017-01-13T19:37:17","date_gmt":"2017-01-13T19:37:17","guid":{"rendered":"http:\/\/www.pro-innovacion.com\/Es\/?page_id=597"},"modified":"2017-01-14T20:55:04","modified_gmt":"2017-01-14T20:55:04","slug":"interpretacion-iso-90012015","status":"publish","type":"page","link":"https:\/\/www.pro-innovacion.com\/Es\/interpretacion-iso-90012015\/","title":{"rendered":"Interpretaci\u00f3n ISO 9001:2015"},"content":{"rendered":"<h1>Objetivo del Curso\u00a0<b> \u00a0 \u00a0<\/b><\/h1>\n<p>Obtener a detalle la comprensi\u00f3n de t\u00e9rminos claves, definiciones y requerimientos de ISO 9001:2015, y como dicho est\u00e1ndar puede ayudar a que su organizaci\u00f3n cumpla mejor con las necesidades de sus clientes.<\/p>\n<h1>Descripci\u00f3n del curso<\/h1>\n<p>En el entorno de movimiento r\u00e1pido de hoy, los clientes son m\u00e1s exigentes y la competencia es m\u00e1s fuerte. Brindando productos y servicios de calidad es m\u00e1s importante que nunca para la sobrevivencia y el \u00e9xito a largo plazo. Contar con un Sistema de Gesti\u00f3n de Calidad (SGC) reconocido mundialmente le permite aumentar el desempe\u00f1o, incrementar la satisfacci\u00f3n de los clientes y obtener mayor ventaja competitiva.<\/p>\n<p>Identifique la estructura y requerimientos de un SGC eficiente, y lo que esto signifique para usted. Obtenga una comprensi\u00f3n profunda de la historia y desarrollo de ISO 9001:2015, t\u00e9rminos claves, definiciones y la estandarizaci\u00f3n ISO de estructura de alto nivel. Usted aprender\u00e1 como interpretar y aplicar conceptos claves y principios del est\u00e1ndar a al proceso existente dentro de su organizaci\u00f3n.<\/p>\n<h1>Beneficios de este curso:<\/h1>\n<p>Identificar los requerimientos clave y beneficios de ISO 9001:2015<\/p>\n<p>Administrar la calidad e impulsar la mejora continua<\/p>\n<p>Tomar los pasos necesarios para asegurar que la calidad este en el centro de su organizaci\u00f3n<\/p>\n<p>Atraer y retener clientes mediante una mejor comprensi\u00f3n de sus necesidades actuales y futuras.<\/p>\n<h1>Aprender\u00e1:<\/h1>\n<p>La importancia y beneficios de un SGC ISO 9001:2015<\/p>\n<p>Requerimientos clave, t\u00e9rminos y definiciones de ISO 9001:2015<\/p>\n<p>Estructura de ISO 9001:2015, el cual incorpora el Anexo SL marco de trabajo para est\u00e1ndares de sistemas de gesti\u00f3n.<\/p>\n<p>Conceptos principales como pensamiento basado en riesgo, enfoque de procesos, Planear-Hacer-Verificar-Actuar, y los 7 principios de administraci\u00f3n.<\/p>\n<h1>\u00bfQui\u00e9n deber\u00e1 asistir?<\/h1>\n<p>Todos que est\u00e9n involucrados en la planeaci\u00f3n, implementaci\u00f3n, supervisi\u00f3n o auditoria de un SGC \u00a0ISO 9001:2015<\/p>\n<h1>\u00bfC\u00f3mo aprender\u00e9?<\/h1>\n<p>Nuestro enfoque acelerado de alto impacto est\u00e1 comprobado acelerar la obtenci\u00f3n de conocimientos mediante la mejora de retenci\u00f3n de conocimientos y la aplicaci\u00f3n de habilidades. El curso est\u00e1 basado en actividades, dando resultado a una comprensi\u00f3n m\u00e1s profunda sobre el material y un mayor impacto en desempe\u00f1o laboral.<\/p>\n<h1>\u00bfQu\u00e9 obtendr\u00e9?<\/h1>\n<p>Una vez completado, se le otorgara un certificado internacionalmente reconocido de\u00a0 Universidad Azteca, Programas Internacionales.<\/p>\n<h1>Prerrequisitos<\/h1>\n<p>No hay prerrequisitos formales, sin embargo ser\u00eda \u00fatil que los participantes leyeran el est\u00e1ndar antes de asistir al curso.<\/p>\n<div class=\"divPrecio\"><b>Costo del curso:<\/b><b>Precio de Inscripci\u00f3n Anticipada*:<\/b><\/p>\n<p><b>Duraci\u00f3n del curso:<\/b> 1 D\u00eda (8 horas)<\/p>\n<\/div>\n","protected":false},"excerpt":{"rendered":"<p>Objetivo del Curso\u00a0 \u00a0 \u00a0 Obtener a detalle la comprensi\u00f3n de t\u00e9rminos claves, definiciones y requerimientos de ISO 9001:2015, y como dicho est\u00e1ndar puede ayudar a que su organizaci\u00f3n cumpla mejor con las necesidades de sus clientes. Descripci\u00f3n del curso En el entorno de movimiento r\u00e1pido de hoy, los clientes son m\u00e1s exigentes y la [&hellip;]<\/p>\n","protected":false},"author":1,"featured_media":0,"parent":0,"menu_order":0,"comment_status":"closed","ping_status":"closed","template":"","meta":{"_uag_custom_page_level_css":""},"uagb_featured_image_src":{"full":false,"thumbnail":false,"medium":false,"medium_large":false,"large":false,"1536x1536":false,"2048x2048":false,"post-thumbnail":false},"uagb_author_info":{"display_name":"ProinnovacionAdmin","author_link":"https:\/\/www.pro-innovacion.com\/Es\/author\/proinnovacionadmin\/"},"uagb_comment_info":0,"uagb_excerpt":"Objetivo del Curso\u00a0 \u00a0 \u00a0 Obtener a detalle la comprensi\u00f3n de t\u00e9rminos claves, definiciones y requerimientos de ISO 9001:2015, y como dicho est\u00e1ndar puede ayudar a que su organizaci\u00f3n cumpla mejor con las necesidades de sus clientes. Descripci\u00f3n del curso En el entorno de movimiento r\u00e1pido de hoy, los clientes son m\u00e1s exigentes y la&hellip;","_links":{"self":[{"href":"https:\/\/www.pro-innovacion.com\/Es\/wp-json\/wp\/v2\/pages\/597"}],"collection":[{"href":"https:\/\/www.pro-innovacion.com\/Es\/wp-json\/wp\/v2\/pages"}],"about":[{"href":"https:\/\/www.pro-innovacion.com\/Es\/wp-json\/wp\/v2\/types\/page"}],"author":[{"embeddable":true,"href":"https:\/\/www.pro-innovacion.com\/Es\/wp-json\/wp\/v2\/users\/1"}],"replies":[{"embeddable":true,"href":"https:\/\/www.pro-innovacion.com\/Es\/wp-json\/wp\/v2\/comments?post=597"}],"version-history":[{"count":2,"href":"https:\/\/www.pro-innovacion.com\/Es\/wp-json\/wp\/v2\/pages\/597\/revisions"}],"predecessor-version":[{"id":628,"href":"https:\/\/www.pro-innovacion.com\/Es\/wp-json\/wp\/v2\/pages\/597\/revisions\/628"}],"wp:attachment":[{"href":"https:\/\/www.pro-innovacion.com\/Es\/wp-json\/wp\/v2\/media?parent=597"}],"curies":[{"name":"wp","href":"https:\/\/api.w.org\/{rel}","templated":true}]}}