{"id":599,"date":"2017-01-13T19:42:40","date_gmt":"2017-01-13T19:42:40","guid":{"rendered":"http:\/\/www.pro-innovacion.com\/Es\/?page_id=599"},"modified":"2017-01-14T20:54:17","modified_gmt":"2017-01-14T20:54:17","slug":"requerimientos-iso-90012015","status":"publish","type":"page","link":"https:\/\/www.pro-innovacion.com\/Es\/requerimientos-iso-90012015\/","title":{"rendered":"Requerimientos ISO 9001:2015"},"content":{"rendered":"<h1>Descripci\u00f3n del curso<\/h1>\n<p>Este curso basado en competencias , ense\u00f1a las cl\u00e1usulas de la norma ISO 9001:2015 en detalle, proporcionando una base para la comprensi\u00f3n de los principios de gesti\u00f3n de calidad e incluye la auditor\u00eda de los requisitos de la norma.<\/p>\n<p>El curso de dos d\u00edas \u201cInterpretaci\u00f3n Avanzada &#8211; ISO 9001:2015 \u00a0de Universidad Azteca basado en competencia ense\u00f1a un conocimiento general de los conceptos de la norma ISO 9001:2015 y de c\u00f3mo impactan los requisitos en las operaciones diarias de las organizaciones en cualquier industria. Un instructor experimentado explica las cl\u00e1usulas de la norma ISO 9001:2015 en detalle, proporcionando una base para la comprensi\u00f3n de los principios de gesti\u00f3n de calidad e incluye la auditor\u00eda de los requisitos de la norma. Los estudiantes aprenden mediante la participaci\u00f3n en ejercicios de grupo y debates en profundidad.<\/p>\n<h1>Objetivos de aprendizaje<\/h1>\n<ul>\n<li>Comprender las definiciones de gesti\u00f3n de calidad, conceptos y directrices<\/li>\n<li>Entender el prop\u00f3sito de la serie ISO 9000<\/li>\n<li>Comprender los requisitos de la norma ISO 9001:2015<\/li>\n<li>Comprender los ocho Principios de Gesti\u00f3n de Calidad<\/li>\n<li>Entender el enfoque de procesos<\/li>\n<li>Auditor\u00eda de los requisitos<\/li>\n<li>C\u00f3mo identificar las no conformidades<\/li>\n<li>Objeto y contenido de un informe de auditor\u00eda<\/li>\n<\/ul>\n<h1>Material del Curso<\/h1>\n<p>Los estudiantes reciben manuales de curso completo con materiales de referencia.<\/p>\n<p>Qui\u00e9n debe asistir<\/p>\n<ul>\n<li>Cualquier persona que requiere un conocimiento y comprensi\u00f3n de la norma ISO 9001.<\/li>\n<li>Profesionales de Calidad \/ Consultores.<\/li>\n<li>Presidentes \/ Vice Presidentes \/ CEO.<\/li>\n<li>Coordinadores de la norma ISO \/ Representantes Gerenciales.<\/li>\n<li>Ingenieros.<\/li>\n<li>Los supervisores.<\/li>\n<li>Auditores acreditados que requieren la competencia para auditar Sistemas de Gesti\u00f3n de Calidad.<\/li>\n<\/ul>\n<div class=\"divPrecio\">\n<p><b>Costo del curso:<\/b><\/p>\n<p><b>Unidades de Educaci\u00f3n Continua:<\/b> 1.6<\/p>\n<p><b>Duraci\u00f3n del curso:<\/b> 2 D\u00edas (16 horas)<\/p>\n<\/div>\n","protected":false},"excerpt":{"rendered":"<p>Descripci\u00f3n del curso Este curso basado en competencias , ense\u00f1a las cl\u00e1usulas de la norma ISO 9001:2015 en detalle, proporcionando una base para la comprensi\u00f3n de los principios de gesti\u00f3n de calidad e incluye la auditor\u00eda de los requisitos de la norma. El curso de dos d\u00edas \u201cInterpretaci\u00f3n Avanzada &#8211; ISO 9001:2015 \u00a0de Universidad Azteca [&hellip;]<\/p>\n","protected":false},"author":1,"featured_media":0,"parent":0,"menu_order":0,"comment_status":"closed","ping_status":"closed","template":"","meta":{"_uag_custom_page_level_css":""},"uagb_featured_image_src":{"full":false,"thumbnail":false,"medium":false,"medium_large":false,"large":false,"1536x1536":false,"2048x2048":false,"post-thumbnail":false},"uagb_author_info":{"display_name":"ProinnovacionAdmin","author_link":"https:\/\/www.pro-innovacion.com\/Es\/author\/proinnovacionadmin\/"},"uagb_comment_info":0,"uagb_excerpt":"Descripci\u00f3n del curso Este curso basado en competencias , ense\u00f1a las cl\u00e1usulas de la norma ISO 9001:2015 en detalle, proporcionando una base para la comprensi\u00f3n de los principios de gesti\u00f3n de calidad e incluye la auditor\u00eda de los requisitos de la norma. El curso de dos d\u00edas \u201cInterpretaci\u00f3n Avanzada &#8211; ISO 9001:2015 \u00a0de Universidad Azteca&hellip;","_links":{"self":[{"href":"https:\/\/www.pro-innovacion.com\/Es\/wp-json\/wp\/v2\/pages\/599"}],"collection":[{"href":"https:\/\/www.pro-innovacion.com\/Es\/wp-json\/wp\/v2\/pages"}],"about":[{"href":"https:\/\/www.pro-innovacion.com\/Es\/wp-json\/wp\/v2\/types\/page"}],"author":[{"embeddable":true,"href":"https:\/\/www.pro-innovacion.com\/Es\/wp-json\/wp\/v2\/users\/1"}],"replies":[{"embeddable":true,"href":"https:\/\/www.pro-innovacion.com\/Es\/wp-json\/wp\/v2\/comments?post=599"}],"version-history":[{"count":3,"href":"https:\/\/www.pro-innovacion.com\/Es\/wp-json\/wp\/v2\/pages\/599\/revisions"}],"predecessor-version":[{"id":626,"href":"https:\/\/www.pro-innovacion.com\/Es\/wp-json\/wp\/v2\/pages\/599\/revisions\/626"}],"wp:attachment":[{"href":"https:\/\/www.pro-innovacion.com\/Es\/wp-json\/wp\/v2\/media?parent=599"}],"curies":[{"name":"wp","href":"https:\/\/api.w.org\/{rel}","templated":true}]}}